{"id":1393,"date":"2023-10-27T10:06:16","date_gmt":"2023-10-27T10:06:16","guid":{"rendered":"https:\/\/amayade.com\/?page_id=1393"},"modified":"2024-06-06T08:37:48","modified_gmt":"2024-06-06T08:37:48","slug":"https-amayade-com","status":"publish","type":"page","link":"https:\/\/amayade.com\/","title":{"rendered":"Partenaire Int\u00e9grateur Salesforce"},"content":{"rendered":"\n<div class=\"wp-block-media-text alignfull has-media-on-the-right is-stacked-on-mobile is-vertically-aligned-center has-ast-global-color-5-color has-text-color has-background has-link-color wp-elements-d2260aa837e989c163f2abf69c0d7f88\" style=\"background-color:#1d517f;margin-top:0;margin-bottom:0;padding-top:var(--wp--preset--spacing--50);padding-bottom:0;grid-template-columns:auto 47%\"><div class=\"wp-block-media-text__content\">\n<div class=\"wp-block-group has-background has-link-color wp-elements-98e7cd4e422cb181bc402cd83e8e0813 is-layout-flow wp-block-group-is-layout-flow\" style=\"background-color:#1d517f;padding-top:2em;padding-right:2em;padding-bottom:2em;padding-left:2em\"><div class=\"wp-block-group__inner-container\">\n<div style=\"height:30px\" aria-hidden=\"true\" class=\"wp-block-spacer\"><\/div>\n\n\n\n<h2 class=\"wp-block-heading has-ast-global-color-5-color has-text-color\" style=\"font-size:75px;font-weight:700;line-height:1.15; color: #7EC8FF;\">Int\u00e9grateur <span style=\"color: #7EC8FF;\">Salesforce<\/span> au service de vos projets.<\/h2>\n\n\n\n<div style=\"height:20px\" aria-hidden=\"true\" class=\"wp-block-spacer\"><\/div>\n\n\n\n<div class=\"wp-block-buttons is-layout-flex wp-block-buttons-is-layout-flex\">\n<div class=\"wp-block-button\"><a class=\"wp-block-button__link has-luminous-vivid-orange-background-color has-background wp-element-button\" href=\"https:\/\/amayade.com\/index.php\/contactez-nous\/\">Parlons de votre projet<\/a><\/div>\n<\/div>\n\n\n\n<div style=\"background-color: #1d517f; padding: 20px 10px 10px; text-align: center;\">\n    <figure class=\"wp-block-image size-full is-style-rounded\" style=\"display: inline-block;\">\n        <img decoding=\"async\" src=\"https:\/\/amayade.com\/wp-content\/uploads\/2023\/10\/fleche_bas-1.gif\" alt=\"fleche\" class=\"wp-image-1451\" width=\"100\"\/>\n    <\/figure>\n<\/div>\n<\/div><\/div>\n<\/div><figure class=\"wp-block-media-text__media\"><img loading=\"lazy\" decoding=\"async\" width=\"1024\" height=\"983\" src=\"https:\/\/amayade.com\/wp-content\/uploads\/2023\/10\/banner_amayade-1024x983.png\" alt=\"Partenaire Int\u00e9grateur Salesforce\" class=\"wp-image-1617 size-full\" srcset=\"https:\/\/amayade.com\/wp-content\/uploads\/2023\/10\/banner_amayade-1024x983.png 1024w, https:\/\/amayade.com\/wp-content\/uploads\/2023\/10\/banner_amayade-300x288.png 300w, https:\/\/amayade.com\/wp-content\/uploads\/2023\/10\/banner_amayade-768x737.png 768w, https:\/\/amayade.com\/wp-content\/uploads\/2023\/10\/banner_amayade-1536x1474.png 1536w, https:\/\/amayade.com\/wp-content\/uploads\/2023\/10\/banner_amayade.png 1826w\" sizes=\"auto, (max-width: 1024px) 100vw, 1024px\" \/><\/figure><\/div>\n\n\n\n<div style=\"height:50px\" aria-hidden=\"true\" class=\"wp-block-spacer\"><\/div>\n\n\n\n<div style=\"height:50px\" aria-hidden=\"true\" class=\"wp-block-spacer\"><\/div>\n\n\n\n<h2 class=\"wp-block-heading has-text-align-center has-text-color\" style=\"color:#1d517f\"><strong>NOTRE P\u00c9RIM\u00c8TRE D&rsquo;ACTION<\/strong><\/h2>\n\n\n\n<div class=\"wp-block-media-text alignfull is-stacked-on-mobile is-vertically-aligned-center has-ast-global-color-5-background-color has-text-color has-background has-link-color wp-elements-22c4348c394f26d1ca469bf193f36fa4\" style=\"color:#fffdc7;padding-top:0;padding-right:var(--wp--preset--spacing--60);padding-bottom:0;padding-left:var(--wp--preset--spacing--60);grid-template-columns:25% auto\"><figure class=\"wp-block-media-text__media\"><img loading=\"lazy\" decoding=\"async\" width=\"1024\" height=\"814\" src=\"https:\/\/amayade.com\/wp-content\/uploads\/2023\/10\/conseil_integration-1024x814.png\" alt=\"Conseil et Int\u00e9gration Salesforce\" class=\"wp-image-1612 size-medium\" srcset=\"https:\/\/amayade.com\/wp-content\/uploads\/2023\/10\/conseil_integration-1024x814.png 1024w, https:\/\/amayade.com\/wp-content\/uploads\/2023\/10\/conseil_integration-300x238.png 300w, https:\/\/amayade.com\/wp-content\/uploads\/2023\/10\/conseil_integration-768x610.png 768w, https:\/\/amayade.com\/wp-content\/uploads\/2023\/10\/conseil_integration-1536x1221.png 1536w, https:\/\/amayade.com\/wp-content\/uploads\/2023\/10\/conseil_integration-2048x1628.png 2048w\" sizes=\"auto, (max-width: 1024px) 100vw, 1024px\" \/><\/figure><div class=\"wp-block-media-text__content\">\n<div class=\"wp-block-group alignwide has-ast-global-color-5-background-color has-background has-link-color wp-elements-bc9b1df93fb6e76887a9526da3c7635f is-layout-constrained wp-container-core-group-is-layout-9930876f wp-block-group-is-layout-constrained\" style=\"padding-top:2em;padding-right:var(--wp--preset--spacing--40);padding-bottom:2em;padding-left:var(--wp--preset--spacing--70)\"><div class=\"wp-block-group__inner-container\">\n<h3 class=\"wp-block-heading has-luminous-vivid-orange-color has-text-color\"><strong>#1<\/strong><\/h3>\n\n\n\n<h2 class=\"wp-block-heading\"><strong>Conseil et Int\u00e9gration<\/strong> <strong>de Salesforce<\/strong><\/h2>\n\n\n\n<p class=\"has-ast-global-color-1-color has-text-color\">Facilitez l&rsquo;int\u00e9gration de Salesforce sur les Clouds de votre choix gr\u00e2ce un int\u00e9grateur Salesforce certifi\u00e9. Notre accompagnement complet incluent un cadrage initiale, une analyse approfondie, et des diagnostics m\u00e9tiers pour une adoption en toute simplicit\u00e9. Nous ma\u00eetrisons les solutions Cloud Salesforce les plus courantes comme Sales Cloud, Service Cloud, Experience Cloud ou bien Marketing Cloud Account Engagement (anciennement Pardot).<\/p>\n\n\n\n<div class=\"wp-block-buttons is-layout-flex wp-block-buttons-is-layout-flex\">\n<div class=\"wp-block-button\"><a class=\"wp-block-button__link has-luminous-vivid-orange-background-color has-background wp-element-button\" href=\"https:\/\/amayade.com\/index.php\/integration-de-salesforce\/\">En savoir plus<\/a><\/div>\n<\/div>\n<\/div><\/div>\n<\/div><\/div>\n\n\n\n<div class=\"wp-block-media-text alignfull has-media-on-the-right is-stacked-on-mobile is-vertically-aligned-center has-ast-global-color-5-background-color has-text-color has-background has-link-color wp-elements-7210eb13d810eb9621c6323f2bbe20f3\" style=\"color:#fffdc7;padding-top:0;padding-right:var(--wp--preset--spacing--60);padding-bottom:0;padding-left:var(--wp--preset--spacing--60);grid-template-columns:auto 25%\"><div class=\"wp-block-media-text__content\">\n<div class=\"wp-block-group alignwide has-ast-global-color-5-background-color has-background has-link-color wp-elements-c828bd690749492277b9f7a93e9b5e1b is-layout-constrained wp-container-core-group-is-layout-9930876f wp-block-group-is-layout-constrained\" style=\"padding-top:2em;padding-right:var(--wp--preset--spacing--40);padding-bottom:2em;padding-left:var(--wp--preset--spacing--70)\"><div class=\"wp-block-group__inner-container\">\n<h3 class=\"wp-block-heading has-text-color\" style=\"color:#1d517f\"><strong><strong><strong>#2<\/strong><\/strong><\/strong><\/h3>\n\n\n\n<h2 class=\"wp-block-heading\"><strong>\u00c9volutions et Maintenance sur Salesforce<\/strong><\/h2>\n\n\n\n<p class=\"has-ast-global-color-1-color has-text-color\">Enrichir l\u2019existant avec de nouveaux modules et \u00eatre disponible pour la maintenance de vos applications \u00e0 travers une m\u00e9thodologie agile et r\u00e9active. Cette m\u00e9thodologie repose sur des allocations de jours et une approche de gestion de projet pour am\u00e9liorer votre environnement Salesforce et ainsi la productivit\u00e9 et l&rsquo;adoption de vos utilisateurs.<\/p>\n\n\n\n<div class=\"wp-block-buttons is-layout-flex wp-block-buttons-is-layout-flex\">\n<div class=\"wp-block-button\"><a class=\"wp-block-button__link has-background wp-element-button\" href=\"https:\/\/amayade.com\/index.php\/evolutions-salesforce\/\" style=\"background-color:#1d517f\">En savoir plus<\/a><\/div>\n<\/div>\n<\/div><\/div>\n<\/div><figure class=\"wp-block-media-text__media\"><img loading=\"lazy\" decoding=\"async\" width=\"1024\" height=\"814\" src=\"https:\/\/amayade.com\/wp-content\/uploads\/2023\/10\/evolution_maintenance-1024x814.png\" alt=\"Evolution et Maintenance Salesforce\" class=\"wp-image-1613 size-medium\" srcset=\"https:\/\/amayade.com\/wp-content\/uploads\/2023\/10\/evolution_maintenance-1024x814.png 1024w, https:\/\/amayade.com\/wp-content\/uploads\/2023\/10\/evolution_maintenance-300x238.png 300w, https:\/\/amayade.com\/wp-content\/uploads\/2023\/10\/evolution_maintenance-768x610.png 768w, https:\/\/amayade.com\/wp-content\/uploads\/2023\/10\/evolution_maintenance-1536x1221.png 1536w, https:\/\/amayade.com\/wp-content\/uploads\/2023\/10\/evolution_maintenance-2048x1628.png 2048w\" sizes=\"auto, (max-width: 1024px) 100vw, 1024px\" \/><\/figure><\/div>\n\n\n\n<div class=\"wp-block-media-text alignfull is-stacked-on-mobile is-vertically-aligned-center has-ast-global-color-5-background-color has-text-color has-background has-link-color wp-elements-e1554f3981166e2bdddc0aa40a835908\" style=\"color:#fffdc7;padding-top:0;padding-right:var(--wp--preset--spacing--60);padding-bottom:0;padding-left:var(--wp--preset--spacing--60);grid-template-columns:25% auto\"><figure class=\"wp-block-media-text__media\"><img loading=\"lazy\" decoding=\"async\" width=\"1024\" height=\"814\" src=\"https:\/\/amayade.com\/wp-content\/uploads\/2023\/10\/formation-1024x814.png\" alt=\"Formation Salesforce\" class=\"wp-image-1615 size-medium\" srcset=\"https:\/\/amayade.com\/wp-content\/uploads\/2023\/10\/formation-1024x814.png 1024w, https:\/\/amayade.com\/wp-content\/uploads\/2023\/10\/formation-300x238.png 300w, https:\/\/amayade.com\/wp-content\/uploads\/2023\/10\/formation-768x610.png 768w, https:\/\/amayade.com\/wp-content\/uploads\/2023\/10\/formation-1536x1221.png 1536w, https:\/\/amayade.com\/wp-content\/uploads\/2023\/10\/formation-2048x1628.png 2048w\" sizes=\"auto, (max-width: 1024px) 100vw, 1024px\" \/><\/figure><div class=\"wp-block-media-text__content\">\n<div class=\"wp-block-group alignwide has-ast-global-color-5-background-color has-background has-link-color wp-elements-c9fd6e15b664d2ad54560d9962bbb6be is-layout-constrained wp-container-core-group-is-layout-9930876f wp-block-group-is-layout-constrained\" style=\"padding-top:2em;padding-right:var(--wp--preset--spacing--40);padding-bottom:2em;padding-left:var(--wp--preset--spacing--70)\"><div class=\"wp-block-group__inner-container\">\n<h3 class=\"wp-block-heading has-text-color\" style=\"color:#dec321\"><strong><strong>#3<\/strong><\/strong><\/h3>\n\n\n\n<h2 class=\"wp-block-heading\"><strong><strong>Formation<\/strong><\/strong> <strong>Salesforce<\/strong><\/h2>\n\n\n\n<p class=\"has-ast-global-color-1-color has-text-color\">Offrir une formation sur-mesure selon vos particularit\u00e9s m\u00e9tier afin de gagner en autonomie et d&rsquo;am\u00e9liorer l&rsquo;adoption de vos utilisateurs finaux. A distance ou en pr\u00e9sentiel, individuelle ou en groupe, nos formations s&rsquo;adaptent aux interlocuteurs et sont dispens\u00e9es par des consultants experts certifi\u00e9s Salesforce.<\/p>\n\n\n\n<div class=\"wp-block-buttons is-layout-flex wp-block-buttons-is-layout-flex\">\n<div class=\"wp-block-button\"><a class=\"wp-block-button__link has-background wp-element-button\" href=\"https:\/\/amayade.com\/index.php\/formation-salesforce\/\" style=\"background-color:#dec321\">En savoir plus<\/a><\/div>\n<\/div>\n<\/div><\/div>\n<\/div><\/div>\n\n\n\n<div style=\"height:50px\" aria-hidden=\"true\" class=\"wp-block-spacer\"><\/div>\n\n\n\n<div class=\"wp-block-media-text has-media-on-the-right is-stacked-on-mobile is-vertically-aligned-center has-ast-global-color-4-background-color has-background\" style=\"padding-top:var(--wp--preset--spacing--70);padding-right:var(--wp--preset--spacing--60);padding-bottom:var(--wp--preset--spacing--70);padding-left:var(--wp--preset--spacing--60);grid-template-columns:auto 20%\"><div class=\"wp-block-media-text__content\">\n<div class=\"wp-block-group has-ast-global-color-4-background-color has-background is-layout-flow wp-block-group-is-layout-flow\" style=\"padding-top:2em;padding-right:2em;padding-bottom:2em;padding-left:0em\"><div class=\"wp-block-group__inner-container\">\n<h2 class=\"wp-block-heading has-text-color\" style=\"color:#1d517f;font-size:36px\"><strong>NOTRE VISION D&rsquo;INT\u00c9GRATION ET D&rsquo;ACCOMPAGNEMENT<\/strong><\/h2>\n\n\n\n<p>En tant qu&rsquo;agence d&rsquo;int\u00e9grateur Salesforce d\u00e9di\u00e9e, nous sommes \u00e0 votre \u00e9coute, pr\u00eats \u00e0 fa\u00e7onner des solutions sur mesure selon vos besoins sp\u00e9cifiques. Nous nous engageons \u00e0 respecter vos attentes et d\u00e9lais, \u00e0 nous adapter \u00e0 vos particularit\u00e9s m\u00e9tier et secteurs d&rsquo;activit\u00e9, tout en mettant l&rsquo;accent sur l&rsquo;am\u00e9lioration de l&rsquo;exp\u00e9rience utilisateur et la garantie de l&rsquo;adoption optimale par vos \u00e9quipes.<\/p>\n<\/div><\/div>\n<\/div><figure class=\"wp-block-media-text__media\"><img loading=\"lazy\" decoding=\"async\" width=\"1434\" height=\"1529\" src=\"https:\/\/amayade.com\/wp-content\/uploads\/2023\/10\/curseur_salesforce_fond_blanc.png\" alt=\"Curseur Int\u00e9grateur Salesforce\" class=\"wp-image-1648 size-full\" srcset=\"https:\/\/amayade.com\/wp-content\/uploads\/2023\/10\/curseur_salesforce_fond_blanc.png 1434w, https:\/\/amayade.com\/wp-content\/uploads\/2023\/10\/curseur_salesforce_fond_blanc-281x300.png 281w, https:\/\/amayade.com\/wp-content\/uploads\/2023\/10\/curseur_salesforce_fond_blanc-960x1024.png 960w, https:\/\/amayade.com\/wp-content\/uploads\/2023\/10\/curseur_salesforce_fond_blanc-768x819.png 768w\" sizes=\"auto, (max-width: 1434px) 100vw, 1434px\" \/><\/figure><\/div>\n\n\n\n<div style=\"height:50px\" aria-hidden=\"true\" class=\"wp-block-spacer\"><\/div>\n\n\n\n<h2 class=\"wp-block-heading has-text-align-center has-text-color\" style=\"color:#1d517f\"><strong>NOS CERTIFICATIONS<\/strong> <strong>SALESFORCE<\/strong><\/h2>\n\n\n\n<figure class=\"wp-block-image aligncenter size-full is-resized\"><img loading=\"lazy\" decoding=\"async\" width=\"5617\" height=\"625\" src=\"https:\/\/amayade.com\/wp-content\/uploads\/2023\/10\/Certification_Salesforce_Plan-de-travail-1.png\" alt=\"Certifications-Salesforce\" class=\"wp-image-1478\" style=\"width:1200px;height:undefinedpx\" srcset=\"https:\/\/amayade.com\/wp-content\/uploads\/2023\/10\/Certification_Salesforce_Plan-de-travail-1.png 5617w, https:\/\/amayade.com\/wp-content\/uploads\/2023\/10\/Certification_Salesforce_Plan-de-travail-1-300x33.png 300w, https:\/\/amayade.com\/wp-content\/uploads\/2023\/10\/Certification_Salesforce_Plan-de-travail-1-1024x114.png 1024w, https:\/\/amayade.com\/wp-content\/uploads\/2023\/10\/Certification_Salesforce_Plan-de-travail-1-768x85.png 768w, https:\/\/amayade.com\/wp-content\/uploads\/2023\/10\/Certification_Salesforce_Plan-de-travail-1-1536x171.png 1536w, https:\/\/amayade.com\/wp-content\/uploads\/2023\/10\/Certification_Salesforce_Plan-de-travail-1-2048x228.png 2048w\" sizes=\"auto, (max-width: 5617px) 100vw, 5617px\" \/><\/figure>\n\n\n\n<div class=\"wp-block-group alignfull has-background-color has-white-color has-text-color has-background has-link-color wp-elements-73b3b7ba88a909c78a4c30616a74f61f is-vertical is-content-justification-stretch is-layout-flex wp-container-core-group-is-layout-48a3dbfb wp-block-group-is-layout-flex\" style=\"background-color:#1d517f;min-height:40vh;margin-top:0;margin-bottom:0;padding-top:var(--wp--preset--spacing--60);padding-right:var(--wp--preset--spacing--40);padding-bottom:var(--wp--preset--spacing--60);padding-left:var(--wp--preset--spacing--40)\">\n<div class=\"wp-block-columns alignwide has-small-font-size is-layout-flex wp-container-core-columns-is-layout-28f84493 wp-block-columns-is-layout-flex\">\n<div class=\"wp-block-column has-ast-global-color-8-color has-text-color is-layout-flow wp-block-column-is-layout-flow\">\n<p class=\"has-text-align-center has-ast-global-color-5-color has-text-color\"><strong>Nos services<\/strong><\/p>\n\n\n\n<p class=\"has-text-align-center has-ast-global-color-1-color has-text-color\"><a href=\"https:\/\/amayade.com\/index.php\/integration-de-salesforce\/\" title=\"Conseil &amp; Int\u00e9gration\">Conseil &amp; Int\u00e9gration<\/a><\/p>\n\n\n\n<p class=\"has-text-align-center\"><a href=\"https:\/\/amayade.com\/index.php\/evolutions-salesforce\/\" title=\"\u00c9volution &amp; Maintenance\">\u00c9volution &amp; Maintenance<\/a><\/p>\n\n\n\n<p class=\"has-text-align-center\"><a href=\"https:\/\/amayade.com\/index.php\/formation-salesforce\/\" title=\"Formation sur-mesure\">Formation sur-mesure<\/a><\/p>\n\n\n\n<div style=\"height:24px\" aria-hidden=\"true\" class=\"wp-block-spacer\"><\/div>\n<\/div>\n\n\n\n<div class=\"wp-block-column has-ast-global-color-8-color has-text-color is-layout-flow wp-block-column-is-layout-flow\">\n<p class=\"has-text-align-center has-ast-global-color-5-color has-text-color\"><strong>Nos expertises<\/strong><\/p>\n\n\n\n<p class=\"has-text-align-center has-ast-global-color-1-color has-text-color\"><a href=\"https:\/\/amayade.com\/index.php\/integrateur-sales-cloud\/\" title=\"Sales Cloud\">Sales Cloud<\/a><\/p>\n\n\n\n<p class=\"has-text-align-center\"><a href=\"https:\/\/amayade.com\/index.php\/integrateur-service-cloud\/\" title=\"Service Cloud\">Service Cloud<\/a><\/p>\n\n\n\n<p class=\"has-text-align-center\"><a href=\"https:\/\/amayade.com\/index.php\/integrateur-marketing-cloud-account-engagement-pardot\/\" title=\"Marketing Cloud Account Engagement\">Marketing Cloud Account Engagement<\/a><\/p>\n\n\n\n<p class=\"has-text-align-center has-ast-global-color-5-color has-text-color\"><a href=\"https:\/\/amayade.com\/index.php\/integrateur-experience-cloud\/\" title=\"Experience Cloud\">Experience Cloud<\/a><\/p>\n<\/div>\n\n\n\n<div class=\"wp-block-column has-ast-global-color-8-color has-text-color is-layout-flow wp-block-column-is-layout-flow\">\n<p class=\"has-text-align-center has-ast-global-color-5-color has-text-color\"><strong><strong>A propos<\/strong><\/strong><\/p>\n\n\n\n<p class=\"has-text-align-center has-ast-global-color-5-color has-text-color\">Adresse : 36 bis Cr Mar\u00e9chal Juin, <br>33300 Bordeaux, Gironde, Nouvelle Aquitaine, France<\/p>\n\n\n\n<div class=\"wp-block-columns is-layout-flex wp-container-core-columns-is-layout-28f84493 wp-block-columns-is-layout-flex\">\n<div class=\"wp-block-column is-layout-flow wp-block-column-is-layout-flow\" style=\"flex-basis:100%\">\n<div class=\"wp-block-columns is-layout-flex wp-container-core-columns-is-layout-28f84493 wp-block-columns-is-layout-flex\">\n<div class=\"wp-block-column is-layout-flow wp-block-column-is-layout-flow\">\n<p class=\"has-text-align-center\"><a href=\"https:\/\/www.linkedin.com\/company\/amayade\/about\/\"><img loading=\"lazy\" decoding=\"async\" width=\"20\" height=\"20\" src=\"https:\/\/amayade.com\/wp-content\/uploads\/2023\/10\/logo-linkedin-rond-1024x1024.webp\" alt=\"Linkedin\"> Linkedin<\/a><br><a href=\"https:\/\/www.youtube.com\/channel\/UCVLBr5_u-fqUqvzG32AXRGA?app=desktop\"><img loading=\"lazy\" decoding=\"async\" width=\"20\" height=\"20\" src=\"https:\/\/amayade.com\/wp-content\/uploads\/2023\/10\/youtube-picto.png\" alt=\"Youtube\"> Youtube<\/a><\/p>\n<\/div>\n\n\n\n<div class=\"wp-block-column is-layout-flow wp-block-column-is-layout-flow\">\n<figure class=\"wp-block-image aligncenter size-large is-resized\"><img loading=\"lazy\" decoding=\"async\" src=\"https:\/\/amayade.com\/wp-content\/uploads\/2023\/10\/Salesforce_Partner-1-980x1024.png\" alt=\"Salesforce Partenaire\" class=\"wp-image-1607\" style=\"width:67px;height:70px\" width=\"67\" height=\"70\" srcset=\"https:\/\/amayade.com\/wp-content\/uploads\/2023\/10\/Salesforce_Partner-1-980x1024.png 980w, https:\/\/amayade.com\/wp-content\/uploads\/2023\/10\/Salesforce_Partner-1-287x300.png 287w, https:\/\/amayade.com\/wp-content\/uploads\/2023\/10\/Salesforce_Partner-1-768x803.png 768w, https:\/\/amayade.com\/wp-content\/uploads\/2023\/10\/Salesforce_Partner-1-1469x1536.png 1469w, https:\/\/amayade.com\/wp-content\/uploads\/2023\/10\/Salesforce_Partner-1.png 1568w\" sizes=\"auto, (max-width: 67px) 100vw, 67px\" \/><\/figure>\n<\/div>\n<\/div>\n<\/div>\n<\/div>\n<\/div>\n<\/div>\n<\/div>\n\n\n\n<p><\/p>\n","protected":false},"excerpt":{"rendered":"<p>NOTRE P\u00c9RIM\u00c8TRE D&rsquo;ACTION NOS CERTIFICATIONS SALESFORCE<\/p>\n","protected":false},"author":3,"featured_media":0,"parent":0,"menu_order":0,"comment_status":"closed","ping_status":"closed","template":"","meta":{"_mi_skip_tracking":false,"site-sidebar-layout":"default","site-content-layout":"","ast-site-content-layout":"default","site-content-style":"default","site-sidebar-style":"default","ast-global-header-display":"","ast-banner-title-visibility":"","ast-main-header-display":"","ast-hfb-above-header-display":"","ast-hfb-below-header-display":"","ast-hfb-mobile-header-display":"","site-post-title":"disabled","ast-breadcrumbs-content":"","ast-featured-img":"","footer-sml-layout":"","theme-transparent-header-meta":"","adv-header-id-meta":"","stick-header-meta":"","header-above-stick-meta":"","header-main-stick-meta":"","header-below-stick-meta":"","astra-migrate-meta-layouts":"set","footnotes":""},"class_list":["post-1393","page","type-page","status-publish","hentry"],"aioseo_notices":[],"_links":{"self":[{"href":"https:\/\/amayade.com\/index.php\/wp-json\/wp\/v2\/pages\/1393","targetHints":{"allow":["GET"]}}],"collection":[{"href":"https:\/\/amayade.com\/index.php\/wp-json\/wp\/v2\/pages"}],"about":[{"href":"https:\/\/amayade.com\/index.php\/wp-json\/wp\/v2\/types\/page"}],"author":[{"embeddable":true,"href":"https:\/\/amayade.com\/index.php\/wp-json\/wp\/v2\/users\/3"}],"replies":[{"embeddable":true,"href":"https:\/\/amayade.com\/index.php\/wp-json\/wp\/v2\/comments?post=1393"}],"version-history":[{"count":132,"href":"https:\/\/amayade.com\/index.php\/wp-json\/wp\/v2\/pages\/1393\/revisions"}],"predecessor-version":[{"id":2426,"href":"https:\/\/amayade.com\/index.php\/wp-json\/wp\/v2\/pages\/1393\/revisions\/2426"}],"wp:attachment":[{"href":"https:\/\/amayade.com\/index.php\/wp-json\/wp\/v2\/media?parent=1393"}],"curies":[{"name":"wp","href":"https:\/\/api.w.org\/{rel}","templated":true}]}}