{"id":1534,"date":"2023-11-02T12:08:25","date_gmt":"2023-11-02T12:08:25","guid":{"rendered":"https:\/\/amayade.com\/?page_id=1534"},"modified":"2023-11-07T14:43:23","modified_gmt":"2023-11-07T14:43:23","slug":"nous-rejoindre","status":"publish","type":"page","link":"https:\/\/amayade.com\/index.php\/nous-rejoindre\/","title":{"rendered":"Nous rejoindre"},"content":{"rendered":"\n<div class=\"wp-block-columns alignfull has-black-color has-text-color has-background is-layout-flex wp-container-core-columns-is-layout-28f84493 wp-block-columns-is-layout-flex\" style=\"background-color:#f5f5f5\">\n<div class=\"wp-block-column is-layout-flow wp-block-column-is-layout-flow\" style=\"flex-basis:50%\">\n<div class=\"wp-block-cover is-light\" style=\"margin-top:0;margin-bottom:0;padding-top:var(--wp--preset--spacing--50);padding-right:var(--wp--preset--spacing--50);padding-bottom:var(--wp--preset--spacing--50);padding-left:var(--wp--preset--spacing--50);min-height:300px;aspect-ratio:unset;\"><span aria-hidden=\"true\" class=\"wp-block-cover__background has-background-dim-100 has-background-dim\" style=\"background-color:#f5f5f5\"><\/span><div class=\"wp-block-cover__inner-container is-layout-flow wp-block-cover-is-layout-flow\">\n<META HTTP-EQUIV=\"Content-type\" CONTENT=\"text\/html; charset=UTF-8\">\n<script src=\"https:\/\/www.google.com\/recaptcha\/api.js\"><\/script>\n<script>\n function timestamp() { var response = document.getElementById(\"g-recaptcha-response\"); if (response == null || response.value.trim() == \"\") {var elems = JSON.parse(document.getElementsByName(\"captcha_settings\")[0].value);elems[\"ts\"] = JSON.stringify(new Date().getTime());document.getElementsByName(\"captcha_settings\")[0].value = JSON.stringify(elems); } } setInterval(timestamp, 500); \n<\/script>\n\n<script>\n  function validateRecaptcha() {\n    if (!grecaptcha.getResponse()) {\n      alert('Veuillez cocher la v\u00e9rification reCAPTCHA.');\n      return false;\n    }\n\n    return true;\n  }\n<\/script>\n\n\n<form action=\"https:\/\/webto.salesforce.com\/servlet\/servlet.WebToLead?encoding=UTF-8&#038;orgId=00D0900000BwX33\" method=\"POST\">\n\n<input type=\"hidden\" name=\"captcha_settings\" value=\"{&quot;keyname&quot;:&quot;GoogleAmayade&quot;,&quot;fallback&quot;:&quot;true&quot;,&quot;orgId&quot;:&quot;00D0900000BwX33&quot;,&quot;ts&quot;:&quot;&quot;}\">\n<input type=hidden name=\"recordType\" id=\"recordType\" value=\"01209000001eDgN\">\n<input id=\"lead_source\" name=\"lead_source\" type=\"hidden\" value=\"Web\" \/>\n<input type=hidden name=\"oid\" value=\"00D0900000BwX33\">\n<input type=hidden name=\"retURL\" value=\"https:\/\/amayade.com\/?page_id=2171\">\n\n<!--  ----------------------------------------------------------------------  -->\n<!--  NOTE: These fields are optional debugging elements. Please uncomment    -->\n<!--  these lines if you wish to test in debug mode.                          -->\n<input type=\"hidden\" name=\"debug\" value=0>                             \n<input type=\"hidden\" name=\"debugEmail\"                              \n  value=\"adrien.delcourt@amayade.com\">                                   \n<!--  ----------------------------------------------------------------------  -->\n\n<div style=\"font-size: 16px; display: flex; flex-wrap: wrap;\">\n\n  <div style=\"width: 45%; padding: 5px;\">\n    <label for=\"first_name\">Pr\u00e9nom*<\/label><br>\n    <input id=\"first_name\" maxlength=\"40\" name=\"first_name\" size=\"20\" type=\"text\" style=\"height: 20px; width: 100%;\" required=\"required\" \/><br>\n  <\/div>\n\n  <div style=\"width: 45%; padding: 5px;\">\n    <label for=\"last_name\">Nom*<\/label><br>\n    <input id=\"last_name\" maxlength=\"80\" name=\"last_name\" size=\"20\" type=\"text\" style=\"height: 20px; width: 100%;\" required=\"required\" \/><br>\n  <\/div>\n\n  <div style=\"width: 45%; padding: 5px;\">\n    <label for=\"email\">Email*<\/label><br>\n    <input id=\"email\" maxlength=\"80\" name=\"email\" size=\"20\" type=\"text\" style=\"height: 20px; width: 100%;\" required=\"required\" \/><br>\n  <\/div>\n\n  <div style=\"width: 45%; padding: 5px;\">\n    <label for=\"phone\">T\u00e9l\u00e9phone<\/label><br>\n    <input id=\"phone\" maxlength=\"40\" name=\"phone\" size=\"20\" type=\"text\" style=\"height: 20px; width: 100%;\" \/><br>\n  <\/div>\n\n  <div style=\"width: 100%; padding: 5px;\">\n    <label for=\"description\">Description<\/label><br>\n    <textarea name=\"description\" style=\"width: 100%;\"><\/textarea><br>\n  <\/div>\n<\/div>\n\n<div class=\"g-recaptcha\" data-sitekey=\"6LcoGCkeAAAAAGw106N9eT5T1EOPprgRIM1oOZlO\"><\/div><br>\n<input type=\"hidden\" id=\"00N0900000IgeKh\" name=\"00N0900000IgeKh\" value=\"Contact\">\n\n\n<div>\n<input type=\"submit\" name=\"submit\" onclick=\"return validateRecaptcha();\">\n<\/div>\n\n<\/form>\n<\/div><\/div>\n<\/div>\n\n\n\n<div class=\"wp-block-column is-vertically-aligned-center is-layout-flow wp-block-column-is-layout-flow\" style=\"padding-top:3em;padding-right:3em;padding-bottom:3em;padding-left:3em\">\n<h1 class=\"wp-block-heading has-ast-global-color-1-color has-text-color has-x-large-font-size\"><strong>H\u00e2te de vous rencontrer !<\/strong><\/h1>\n\n\n\n<p class=\"has-ast-global-color-1-color has-text-color\" id=\"block-b03adaf3-87e5-4a3e-b423-6799bb66ca4b\">Int\u00e9grateur, architecte, d\u00e9veloppeur, vous \u00eates au bon endroit ! Nous recherchons des profils techniques ou fonctionnels d\u00e9sireux de travailler avec la technologie Salesforce et son \u00e9cosyst\u00e8me.<\/p>\n\n\n\n<p class=\"has-ast-global-color-1-color has-text-color\">Quelque soit votre niveau, expliquez nous en quelques mots votre motivation. Nous reviendrons vers vous pour en savoir plus. A bient\u00f4t.<\/p>\n<\/div>\n<\/div>\n\n\n\n<div style=\"height:50px\" aria-hidden=\"true\" class=\"wp-block-spacer\"><\/div>\n\n\n\n<h2 class=\"wp-block-heading has-text-align-center has-text-color\" style=\"color:#1d517f\"><strong>NOTRE \u00c9QUIPE<\/strong><\/h2>\n\n\n\n<div class=\"wp-block-columns has-ast-global-color-5-color has-ast-global-color-5-background-color has-text-color has-background is-layout-flex wp-container-core-columns-is-layout-28f84493 wp-block-columns-is-layout-flex\">\n<div class=\"wp-block-column is-layout-flow wp-block-column-is-layout-flow\">\n<figure class=\"wp-block-image aligncenter size-full is-resized has-custom-border is-style-rounded\"><img loading=\"lazy\" decoding=\"async\" src=\"https:\/\/amayade.com\/wp-content\/uploads\/2021\/12\/ADL.png\" alt=\"Adrien-Delcourt\" class=\"wp-image-912\" style=\"border-style:none;border-width:0px;border-radius:100px;width:185px;height:178px\" width=\"185\" height=\"178\" srcset=\"https:\/\/amayade.com\/wp-content\/uploads\/2021\/12\/ADL.png 623w, https:\/\/amayade.com\/wp-content\/uploads\/2021\/12\/ADL-300x289.png 300w\" sizes=\"auto, (max-width: 185px) 100vw, 185px\" \/><\/figure>\n\n\n\n<p class=\"has-text-align-center has-ast-global-color-8-color has-text-color has-medium-font-size\"><strong>Adrien Delcourt<\/strong><\/p>\n\n\n\n<p class=\"has-text-align-center has-ast-global-color-1-color has-text-color\"><strong>Co-Fondateur <br><\/strong>Expert CRM Directeur de Programme<\/p>\n\n\n\n<ul class=\"wp-block-social-links aligncenter has-large-icon-size is-style-pill-shape is-layout-flex wp-block-social-links-is-layout-flex\"><li class=\"wp-social-link wp-social-link-linkedin  wp-block-social-link\"><a href=\"https:\/\/fr.linkedin.com\/in\/adrien-delcourt-ab0186a\" class=\"wp-block-social-link-anchor\"><svg width=\"24\" height=\"24\" viewBox=\"0 0 24 24\" version=\"1.1\" xmlns=\"http:\/\/www.w3.org\/2000\/svg\" aria-hidden=\"true\" focusable=\"false\"><path d=\"M19.7,3H4.3C3.582,3,3,3.582,3,4.3v15.4C3,20.418,3.582,21,4.3,21h15.4c0.718,0,1.3-0.582,1.3-1.3V4.3 C21,3.582,20.418,3,19.7,3z M8.339,18.338H5.667v-8.59h2.672V18.338z M7.004,8.574c-0.857,0-1.549-0.694-1.549-1.548 c0-0.855,0.691-1.548,1.549-1.548c0.854,0,1.547,0.694,1.547,1.548C8.551,7.881,7.858,8.574,7.004,8.574z M18.339,18.338h-2.669 v-4.177c0-0.996-0.017-2.278-1.387-2.278c-1.389,0-1.601,1.086-1.601,2.206v4.249h-2.667v-8.59h2.559v1.174h0.037 c0.356-0.675,1.227-1.387,2.526-1.387c2.703,0,3.203,1.779,3.203,4.092V18.338z\"><\/path><\/svg><span class=\"wp-block-social-link-label screen-reader-text\">LinkedIn<\/span><\/a><\/li>\n\n<li class=\"wp-social-link wp-social-link-mail  wp-block-social-link\"><a href=\"mailto:adr&#105;e&#110;&#046;&#100;&#101;&#108;&#099;o&#117;r&#116;&#064;a&#109;ayade.c&#111;m\" class=\"wp-block-social-link-anchor\"><svg width=\"24\" height=\"24\" viewBox=\"0 0 24 24\" version=\"1.1\" xmlns=\"http:\/\/www.w3.org\/2000\/svg\" aria-hidden=\"true\" focusable=\"false\"><path d=\"M19,5H5c-1.1,0-2,.9-2,2v10c0,1.1.9,2,2,2h14c1.1,0,2-.9,2-2V7c0-1.1-.9-2-2-2zm.5,12c0,.3-.2.5-.5.5H5c-.3,0-.5-.2-.5-.5V9.8l7.5,5.6,7.5-5.6V17zm0-9.1L12,13.6,4.5,7.9V7c0-.3.2-.5.5-.5h14c.3,0,.5.2.5.5v.9z\"><\/path><\/svg><span class=\"wp-block-social-link-label screen-reader-text\">E-mail<\/span><\/a><\/li><\/ul>\n<\/div>\n\n\n\n<div class=\"wp-block-column is-layout-flow wp-block-column-is-layout-flow\">\n<figure class=\"wp-block-image aligncenter size-full is-resized has-custom-border is-style-rounded\"><img loading=\"lazy\" decoding=\"async\" src=\"https:\/\/amayade.com\/wp-content\/uploads\/2021\/12\/MDL.png\" alt=\"Marie-De-Lasa\" class=\"wp-image-913\" style=\"border-style:none;border-width:0px;border-radius:100px;width:185px;height:178px\" width=\"185\" height=\"178\" srcset=\"https:\/\/amayade.com\/wp-content\/uploads\/2021\/12\/MDL.png 621w, https:\/\/amayade.com\/wp-content\/uploads\/2021\/12\/MDL-300x290.png 300w\" sizes=\"auto, (max-width: 185px) 100vw, 185px\" \/><\/figure>\n\n\n\n<p class=\"has-text-align-center has-ast-global-color-8-color has-text-color has-medium-font-size\"><strong>Marie de Lasa<\/strong><\/p>\n\n\n\n<p class=\"has-text-align-center has-ast-global-color-1-color has-text-color\"><strong>Co-Fondatrice<br><\/strong> Experte CRM Chef de projet \u2013 Formatrice<a href=\"https:\/\/fr.linkedin.com\/in\/marie-de-lasa-76358711\" target=\"_blank\" rel=\"noreferrer noopener\"><\/a><\/p>\n\n\n\n<ul class=\"wp-block-social-links aligncenter has-large-icon-size is-style-pill-shape is-layout-flex wp-block-social-links-is-layout-flex\"><li class=\"wp-social-link wp-social-link-linkedin  wp-block-social-link\"><a href=\"https:\/\/fr.linkedin.com\/in\/marie-de-lasa-76358711\" class=\"wp-block-social-link-anchor\"><svg width=\"24\" height=\"24\" viewBox=\"0 0 24 24\" version=\"1.1\" xmlns=\"http:\/\/www.w3.org\/2000\/svg\" aria-hidden=\"true\" focusable=\"false\"><path d=\"M19.7,3H4.3C3.582,3,3,3.582,3,4.3v15.4C3,20.418,3.582,21,4.3,21h15.4c0.718,0,1.3-0.582,1.3-1.3V4.3 C21,3.582,20.418,3,19.7,3z M8.339,18.338H5.667v-8.59h2.672V18.338z M7.004,8.574c-0.857,0-1.549-0.694-1.549-1.548 c0-0.855,0.691-1.548,1.549-1.548c0.854,0,1.547,0.694,1.547,1.548C8.551,7.881,7.858,8.574,7.004,8.574z M18.339,18.338h-2.669 v-4.177c0-0.996-0.017-2.278-1.387-2.278c-1.389,0-1.601,1.086-1.601,2.206v4.249h-2.667v-8.59h2.559v1.174h0.037 c0.356-0.675,1.227-1.387,2.526-1.387c2.703,0,3.203,1.779,3.203,4.092V18.338z\"><\/path><\/svg><span class=\"wp-block-social-link-label screen-reader-text\">LinkedIn<\/span><\/a><\/li>\n\n<li class=\"wp-social-link wp-social-link-mail  wp-block-social-link\"><a href=\"mailto:m&#097;&#114;&#105;&#101;&#046;de&#108;&#097;&#115;a&#064;&#097;mayad&#101;&#046;c&#111;&#109;\" class=\"wp-block-social-link-anchor\"><svg width=\"24\" height=\"24\" viewBox=\"0 0 24 24\" version=\"1.1\" xmlns=\"http:\/\/www.w3.org\/2000\/svg\" aria-hidden=\"true\" focusable=\"false\"><path d=\"M19,5H5c-1.1,0-2,.9-2,2v10c0,1.1.9,2,2,2h14c1.1,0,2-.9,2-2V7c0-1.1-.9-2-2-2zm.5,12c0,.3-.2.5-.5.5H5c-.3,0-.5-.2-.5-.5V9.8l7.5,5.6,7.5-5.6V17zm0-9.1L12,13.6,4.5,7.9V7c0-.3.2-.5.5-.5h14c.3,0,.5.2.5.5v.9z\"><\/path><\/svg><span class=\"wp-block-social-link-label screen-reader-text\">E-mail<\/span><\/a><\/li><\/ul>\n<\/div>\n\n\n\n<div class=\"wp-block-column is-layout-flow wp-block-column-is-layout-flow\">\n<figure class=\"wp-block-image aligncenter size-full is-resized has-custom-border is-style-rounded\"><img loading=\"lazy\" decoding=\"async\" src=\"https:\/\/amayade.com\/wp-content\/uploads\/2021\/12\/YAM.png\" alt=\"Yacine-Amarouche\" class=\"wp-image-914\" style=\"border-style:none;border-width:0px;border-radius:100px;width:185px;height:178px\" width=\"185\" height=\"178\" srcset=\"https:\/\/amayade.com\/wp-content\/uploads\/2021\/12\/YAM.png 625w, https:\/\/amayade.com\/wp-content\/uploads\/2021\/12\/YAM-300x288.png 300w\" sizes=\"auto, (max-width: 185px) 100vw, 185px\" \/><\/figure>\n\n\n\n<p class=\"has-text-align-center has-ast-global-color-8-color has-text-color has-medium-font-size\"><strong>Yacine Amarouche<\/strong><\/p>\n\n\n\n<p class=\"has-text-align-center has-ast-global-color-1-color has-text-color\"><strong>Co-fondateur<br><\/strong>Expert CRM Salesforce Architect<\/p>\n\n\n\n<ul class=\"wp-block-social-links aligncenter has-large-icon-size is-style-pill-shape is-layout-flex wp-block-social-links-is-layout-flex\"><li class=\"wp-social-link wp-social-link-linkedin  wp-block-social-link\"><a href=\"https:\/\/fr.linkedin.com\/in\/yacine-amarouche-03248695\" class=\"wp-block-social-link-anchor\"><svg width=\"24\" height=\"24\" viewBox=\"0 0 24 24\" version=\"1.1\" xmlns=\"http:\/\/www.w3.org\/2000\/svg\" aria-hidden=\"true\" focusable=\"false\"><path d=\"M19.7,3H4.3C3.582,3,3,3.582,3,4.3v15.4C3,20.418,3.582,21,4.3,21h15.4c0.718,0,1.3-0.582,1.3-1.3V4.3 C21,3.582,20.418,3,19.7,3z M8.339,18.338H5.667v-8.59h2.672V18.338z M7.004,8.574c-0.857,0-1.549-0.694-1.549-1.548 c0-0.855,0.691-1.548,1.549-1.548c0.854,0,1.547,0.694,1.547,1.548C8.551,7.881,7.858,8.574,7.004,8.574z M18.339,18.338h-2.669 v-4.177c0-0.996-0.017-2.278-1.387-2.278c-1.389,0-1.601,1.086-1.601,2.206v4.249h-2.667v-8.59h2.559v1.174h0.037 c0.356-0.675,1.227-1.387,2.526-1.387c2.703,0,3.203,1.779,3.203,4.092V18.338z\"><\/path><\/svg><span class=\"wp-block-social-link-label screen-reader-text\">LinkedIn<\/span><\/a><\/li>\n\n<li class=\"wp-social-link wp-social-link-mail  wp-block-social-link\"><a href=\"mailto:ya&#099;i&#110;e.&#097;m&#097;r&#111;uche&#064;&#097;ma&#121;&#097;de&#046;&#099;om\" class=\"wp-block-social-link-anchor\"><svg width=\"24\" height=\"24\" viewBox=\"0 0 24 24\" version=\"1.1\" xmlns=\"http:\/\/www.w3.org\/2000\/svg\" aria-hidden=\"true\" focusable=\"false\"><path d=\"M19,5H5c-1.1,0-2,.9-2,2v10c0,1.1.9,2,2,2h14c1.1,0,2-.9,2-2V7c0-1.1-.9-2-2-2zm.5,12c0,.3-.2.5-.5.5H5c-.3,0-.5-.2-.5-.5V9.8l7.5,5.6,7.5-5.6V17zm0-9.1L12,13.6,4.5,7.9V7c0-.3.2-.5.5-.5h14c.3,0,.5.2.5.5v.9z\"><\/path><\/svg><span class=\"wp-block-social-link-label screen-reader-text\">E-mail<\/span><\/a><\/li><\/ul>\n<\/div>\n<\/div>\n\n\n\n<div style=\"height:50px\" aria-hidden=\"true\" class=\"wp-block-spacer\"><\/div>\n\n\n\n<div class=\"wp-block-group alignfull has-background-color has-white-color has-text-color has-background has-link-color wp-elements-73b3b7ba88a909c78a4c30616a74f61f is-vertical is-content-justification-stretch is-layout-flex wp-container-core-group-is-layout-48a3dbfb wp-block-group-is-layout-flex\" style=\"background-color:#1d517f;min-height:40vh;margin-top:0;margin-bottom:0;padding-top:var(--wp--preset--spacing--60);padding-right:var(--wp--preset--spacing--40);padding-bottom:var(--wp--preset--spacing--60);padding-left:var(--wp--preset--spacing--40)\">\n<div class=\"wp-block-columns alignwide has-small-font-size is-layout-flex wp-container-core-columns-is-layout-28f84493 wp-block-columns-is-layout-flex\">\n<div class=\"wp-block-column has-ast-global-color-8-color has-text-color is-layout-flow wp-block-column-is-layout-flow\">\n<p class=\"has-text-align-center has-ast-global-color-5-color has-text-color\"><strong>Nos services<\/strong><\/p>\n\n\n\n<p class=\"has-text-align-center has-ast-global-color-1-color has-text-color\"><a href=\"https:\/\/amayade.com\/index.php\/integration-de-salesforce\/\" title=\"Conseil &amp; Int\u00e9gration\">Conseil &amp; Int\u00e9gration<\/a><\/p>\n\n\n\n<p class=\"has-text-align-center\"><a href=\"https:\/\/amayade.com\/index.php\/evolutions-salesforce\/\" title=\"\u00c9volution &amp; Maintenance\">\u00c9volution &amp; Maintenance<\/a><\/p>\n\n\n\n<p class=\"has-text-align-center\"><a href=\"https:\/\/amayade.com\/index.php\/formation-salesforce\/\" title=\"Formation sur-mesure\">Formation sur-mesure<\/a><\/p>\n\n\n\n<div style=\"height:24px\" aria-hidden=\"true\" class=\"wp-block-spacer\"><\/div>\n<\/div>\n\n\n\n<div class=\"wp-block-column has-ast-global-color-8-color has-text-color is-layout-flow wp-block-column-is-layout-flow\">\n<p class=\"has-text-align-center has-ast-global-color-5-color has-text-color\"><strong>Nos expertises<\/strong><\/p>\n\n\n\n<p class=\"has-text-align-center has-ast-global-color-1-color has-text-color\"><a href=\"https:\/\/amayade.com\/index.php\/integrateur-sales-cloud\/\" title=\"Sales Cloud\">Sales Cloud<\/a><\/p>\n\n\n\n<p class=\"has-text-align-center\"><a href=\"https:\/\/amayade.com\/index.php\/integrateur-service-cloud\/\" title=\"Service Cloud\">Service Cloud<\/a><\/p>\n\n\n\n<p class=\"has-text-align-center\"><a href=\"https:\/\/amayade.com\/index.php\/integrateur-marketing-cloud-account-engagement-pardot\/\" title=\"Marketing Cloud Account Engagement\">Marketing Cloud Account Engagement<\/a><\/p>\n\n\n\n<p class=\"has-text-align-center has-ast-global-color-5-color has-text-color\"><a href=\"https:\/\/amayade.com\/index.php\/integrateur-experience-cloud\/\" title=\"Experience Cloud\">Experience Cloud<\/a><\/p>\n<\/div>\n\n\n\n<div class=\"wp-block-column has-ast-global-color-8-color has-text-color is-layout-flow wp-block-column-is-layout-flow\">\n<p class=\"has-text-align-center has-ast-global-color-5-color has-text-color\"><strong><strong>A propos<\/strong><\/strong><\/p>\n\n\n\n<p class=\"has-text-align-center has-ast-global-color-5-color has-text-color\">Adresse : 36 bis Cr Mar\u00e9chal Juin, <br>33300 Bordeaux, Gironde, Nouvelle Aquitaine, France<\/p>\n\n\n\n<div class=\"wp-block-columns is-layout-flex wp-container-core-columns-is-layout-28f84493 wp-block-columns-is-layout-flex\">\n<div class=\"wp-block-column is-layout-flow wp-block-column-is-layout-flow\" style=\"flex-basis:100%\">\n<div class=\"wp-block-columns is-layout-flex wp-container-core-columns-is-layout-28f84493 wp-block-columns-is-layout-flex\">\n<div class=\"wp-block-column is-layout-flow wp-block-column-is-layout-flow\">\n<p class=\"has-text-align-center\"><a href=\"https:\/\/www.linkedin.com\/company\/amayade\/about\/\"><img loading=\"lazy\" decoding=\"async\" width=\"20\" height=\"20\" src=\"https:\/\/amayade.com\/wp-content\/uploads\/2023\/10\/logo-linkedin-rond-1024x1024.webp\" alt=\"Linkedin\"> Linkedin<\/a><br><a href=\"https:\/\/www.youtube.com\/channel\/UCVLBr5_u-fqUqvzG32AXRGA?app=desktop\"><img loading=\"lazy\" decoding=\"async\" width=\"20\" height=\"20\" src=\"https:\/\/amayade.com\/wp-content\/uploads\/2023\/10\/youtube-picto.png\" alt=\"Youtube\"> Youtube<\/a><\/p>\n<\/div>\n\n\n\n<div class=\"wp-block-column is-layout-flow wp-block-column-is-layout-flow\">\n<figure class=\"wp-block-image aligncenter size-large is-resized\"><img loading=\"lazy\" decoding=\"async\" src=\"https:\/\/amayade.com\/wp-content\/uploads\/2023\/10\/Salesforce_Partner-1-980x1024.png\" alt=\"Salesforce Partenaire\" class=\"wp-image-1607\" style=\"width:67px;height:70px\" width=\"67\" height=\"70\" srcset=\"https:\/\/amayade.com\/wp-content\/uploads\/2023\/10\/Salesforce_Partner-1-980x1024.png 980w, https:\/\/amayade.com\/wp-content\/uploads\/2023\/10\/Salesforce_Partner-1-287x300.png 287w, https:\/\/amayade.com\/wp-content\/uploads\/2023\/10\/Salesforce_Partner-1-768x803.png 768w, https:\/\/amayade.com\/wp-content\/uploads\/2023\/10\/Salesforce_Partner-1-1469x1536.png 1469w, https:\/\/amayade.com\/wp-content\/uploads\/2023\/10\/Salesforce_Partner-1.png 1568w\" sizes=\"auto, (max-width: 67px) 100vw, 67px\" \/><\/figure>\n<\/div>\n<\/div>\n<\/div>\n<\/div>\n<\/div>\n<\/div>\n<\/div>\n","protected":false},"excerpt":{"rendered":"<p>H\u00e2te de vous rencontrer ! Int\u00e9grateur, architecte, d\u00e9veloppeur, vous \u00eates au bon endroit ! Nous recherchons des profils techniques ou fonctionnels d\u00e9sireux de travailler avec la technologie Salesforce et son \u00e9cosyst\u00e8me. Quelque soit votre niveau, expliquez nous en quelques mots votre motivation. Nous reviendrons vers vous pour en savoir plus. A bient\u00f4t. NOTRE \u00c9QUIPE Adrien &hellip;<\/p>\n<p class=\"read-more\"> <a class=\"\" href=\"https:\/\/amayade.com\/index.php\/nous-rejoindre\/\"> <span class=\"screen-reader-text\">Nous rejoindre<\/span> Lire la suite\u00a0\u00bb<\/a><\/p>\n","protected":false},"author":3,"featured_media":0,"parent":0,"menu_order":0,"comment_status":"closed","ping_status":"closed","template":"","meta":{"_mi_skip_tracking":false,"site-sidebar-layout":"default","site-content-layout":"","ast-site-content-layout":"default","site-content-style":"default","site-sidebar-style":"default","ast-global-header-display":"","ast-banner-title-visibility":"","ast-main-header-display":"","ast-hfb-above-header-display":"","ast-hfb-below-header-display":"","ast-hfb-mobile-header-display":"","site-post-title":"disabled","ast-breadcrumbs-content":"","ast-featured-img":"","footer-sml-layout":"","theme-transparent-header-meta":"","adv-header-id-meta":"","stick-header-meta":"","header-above-stick-meta":"","header-main-stick-meta":"","header-below-stick-meta":"","astra-migrate-meta-layouts":"set","footnotes":""},"class_list":["post-1534","page","type-page","status-publish","hentry"],"aioseo_notices":[],"_links":{"self":[{"href":"https:\/\/amayade.com\/index.php\/wp-json\/wp\/v2\/pages\/1534","targetHints":{"allow":["GET"]}}],"collection":[{"href":"https:\/\/amayade.com\/index.php\/wp-json\/wp\/v2\/pages"}],"about":[{"href":"https:\/\/amayade.com\/index.php\/wp-json\/wp\/v2\/types\/page"}],"author":[{"embeddable":true,"href":"https:\/\/amayade.com\/index.php\/wp-json\/wp\/v2\/users\/3"}],"replies":[{"embeddable":true,"href":"https:\/\/amayade.com\/index.php\/wp-json\/wp\/v2\/comments?post=1534"}],"version-history":[{"count":87,"href":"https:\/\/amayade.com\/index.php\/wp-json\/wp\/v2\/pages\/1534\/revisions"}],"predecessor-version":[{"id":2213,"href":"https:\/\/amayade.com\/index.php\/wp-json\/wp\/v2\/pages\/1534\/revisions\/2213"}],"wp:attachment":[{"href":"https:\/\/amayade.com\/index.php\/wp-json\/wp\/v2\/media?parent=1534"}],"curies":[{"name":"wp","href":"https:\/\/api.w.org\/{rel}","templated":true}]}}