{"id":1636,"date":"2023-10-27T10:23:32","date_gmt":"2023-10-27T10:23:32","guid":{"rendered":"https:\/\/amayade.com\/?page_id=1636"},"modified":"2024-06-04T10:03:11","modified_gmt":"2024-06-04T10:03:11","slug":"formation-salesforce","status":"publish","type":"page","link":"https:\/\/amayade.com\/index.php\/formation-salesforce\/","title":{"rendered":"Formation Salesforce Consultant"},"content":{"rendered":"\n<div class=\"wp-block-media-text alignwide has-media-on-the-right is-stacked-on-mobile is-vertically-aligned-center has-ast-global-color-4-background-color has-background\" style=\"padding-top:var(--wp--preset--spacing--50);padding-right:var(--wp--preset--spacing--70);padding-bottom:var(--wp--preset--spacing--70);padding-left:var(--wp--preset--spacing--30);grid-template-columns:auto 40%\"><div class=\"wp-block-media-text__content\">\n<div class=\"wp-block-group is-layout-flow wp-block-group-is-layout-flow\" style=\"padding-top:2em;padding-right:2em;padding-bottom:2em;padding-left:2em\"><div class=\"wp-block-group__inner-container\">\n<h2 class=\"wp-block-heading has-ast-global-color-1-color has-text-color\" style=\"font-size:36px\"><strong>Formation Salesforce sur-mesure<\/strong><\/h2>\n\n\n\n<p><strong>Vous, ainsi que vos utilisateurs, aspirez \u00e0 accro\u00eetre votre autonomie au moyen d&rsquo;une formation Salesforce sur-mesure, parfaitement adapt\u00e9e \u00e0 votre secteur d&rsquo;activit\u00e9 et aux solutions que vous utilisez.<\/strong><\/p>\n\n\n\n<ul class=\"wp-block-list\">\n<li>Le programme est pr\u00e9par\u00e9 avec vous<\/li>\n\n\n\n<li>Il respecte vos attentes en termes de dur\u00e9e, de contenu et de population adress\u00e9e<\/li>\n\n\n\n<li>La formation se d\u00e9roule dans votre environnement et prend en compte vos particularit\u00e9s<\/li>\n<\/ul>\n\n\n\n<div class=\"wp-block-buttons is-layout-flex wp-block-buttons-is-layout-flex\">\n<div class=\"wp-block-button\"><a class=\"wp-block-button__link has-background wp-element-button\" href=\"https:\/\/amayade.com\/index.php\/contactez-nous\/\" style=\"background-color:#dec321\">J&rsquo;ai besoin d&rsquo;un accompagnement<\/a><\/div>\n<\/div>\n<\/div><\/div>\n<\/div><figure class=\"wp-block-media-text__media\"><img loading=\"lazy\" decoding=\"async\" width=\"1024\" height=\"814\" src=\"https:\/\/amayade.com\/wp-content\/uploads\/2023\/10\/formation-1024x814.png\" alt=\"Formation Salesforce sur-mesure\" class=\"wp-image-1615 size-full\" srcset=\"https:\/\/amayade.com\/wp-content\/uploads\/2023\/10\/formation-1024x814.png 1024w, https:\/\/amayade.com\/wp-content\/uploads\/2023\/10\/formation-300x238.png 300w, https:\/\/amayade.com\/wp-content\/uploads\/2023\/10\/formation-768x610.png 768w, https:\/\/amayade.com\/wp-content\/uploads\/2023\/10\/formation-1536x1221.png 1536w, https:\/\/amayade.com\/wp-content\/uploads\/2023\/10\/formation-2048x1628.png 2048w\" sizes=\"auto, (max-width: 1024px) 100vw, 1024px\" \/><\/figure><\/div>\n\n\n\n<div style=\"height:50px\" aria-hidden=\"true\" class=\"wp-block-spacer\"><\/div>\n\n\n\n<p style=\"padding-right:var(--wp--preset--spacing--80);padding-left:var(--wp--preset--spacing--80)\">Nous proposons des formations Salesforce <strong>personnalis\u00e9es<\/strong> et <strong>adapt\u00e9es <\/strong>aux besoins de votre entreprise. Nos formateurs <strong>certifi\u00e9s <\/strong>vous aideront \u00e0 ma\u00eetriser les concepts et les fonctionnalit\u00e9s Salesforce dont vous avez besoin pour r\u00e9ussir. Nos formations peuvent \u00eatre dispens\u00e9es \u00e0 distance ou en pr\u00e9sentiel, selon vos pr\u00e9f\u00e9rences.<\/p>\n\n\n\n<div style=\"height:50px\" aria-hidden=\"true\" class=\"wp-block-spacer\"><\/div>\n\n\n\n<h2 class=\"wp-block-heading has-text-align-center\"><strong>NOS OFFRES DE FORMATION SALESFORCE<\/strong><\/h2>\n\n\n\n<div class=\"wp-block-columns alignwide is-layout-flex wp-container-core-columns-is-layout-7b501905 wp-block-columns-is-layout-flex\" style=\"padding-top:0;padding-right:7rem;padding-bottom:0;padding-left:7rem\">\n<div class=\"wp-block-column has-text-color has-background has-link-color wp-elements-02daad421991f445533c2dbd52e05cac is-layout-flow wp-block-column-is-layout-flow\" style=\"color:#000000;background-color:#f9f4d7;padding-top:var(--wp--preset--spacing--50);padding-right:var(--wp--preset--spacing--50);padding-bottom:var(--wp--preset--spacing--50);padding-left:var(--wp--preset--spacing--50)\">\n<h2 class=\"wp-block-heading\" id=\"single\" style=\"font-size:36px\"><strong>Formation Administrateur<\/strong><\/h2>\n\n\n\n<p class=\"has-text-color has-normal-font-size\" style=\"color:#dec321;line-height:1.5\"><strong>Gagner en autonomie<\/strong><\/p>\n\n\n\n<ul class=\"wp-block-list\">\n<li>Apprenez la base de la configuration<\/li>\n\n\n\n<li>Respecter les bonnes pratiques de configuration et de s\u00e9curit\u00e9<\/li>\n\n\n\n<li>Lancez vous dans la configuration avanc\u00e9e et la mise en place d\u2019automatismes<\/li>\n\n\n\n<li>D\u00e9couvrez la technologie FLOW<\/li>\n<\/ul>\n<\/div>\n\n\n\n<div class=\"wp-block-column has-text-color has-background has-link-color wp-elements-7e7728bdab4dca716fa2bb15907910da is-layout-flow wp-block-column-is-layout-flow\" style=\"color:#000000;background-color:#f9f4d7;padding-top:var(--wp--preset--spacing--50);padding-right:var(--wp--preset--spacing--50);padding-bottom:var(--wp--preset--spacing--50);padding-left:var(--wp--preset--spacing--50)\">\n<h2 class=\"wp-block-heading\" id=\"single\" style=\"font-size:36px\"><strong>Formation CRM Analytics<\/strong><\/h2>\n\n\n\n<p class=\"has-text-color\" style=\"color:#dec321\"><strong>Contr\u00f4ler la solution analytique et faites parler vos donn\u00e9es<\/strong><\/p>\n\n\n\n<ul class=\"wp-block-list\">\n<li>Connecter votre environnement Salesforce et les sources externes \u00e0 Tableau CRM<\/li>\n\n\n\n<li>Comprendre et mettre en place la s\u00e9curit\u00e9 des donn\u00e9es et des tableaux de bords via les autorisations, les licences et les profils.<\/li>\n\n\n\n<li>Cr\u00e9er des tableaux de bords complexes et ergonomiques.<\/li>\n<\/ul>\n<\/div>\n<\/div>\n\n\n\n<div class=\"wp-block-columns alignwide is-layout-flex wp-container-core-columns-is-layout-7b501905 wp-block-columns-is-layout-flex\" style=\"padding-top:0;padding-right:7rem;padding-bottom:0;padding-left:7rem\">\n<div class=\"wp-block-column has-text-color has-background has-link-color wp-elements-2c9b24eea6125930bc2553b15ef79dd9 is-layout-flow wp-block-column-is-layout-flow\" style=\"color:#000000;background-color:#f9f4d7;padding-top:var(--wp--preset--spacing--50);padding-right:var(--wp--preset--spacing--50);padding-bottom:var(--wp--preset--spacing--50);padding-left:var(--wp--preset--spacing--50)\">\n<h2 class=\"wp-block-heading\" id=\"single\" style=\"font-size:36px\"><strong>Formation Pardot (Marketing Cloud Account Engagement)<\/strong><\/h2>\n\n\n\n<p class=\"has-text-color\" style=\"color:#dec321\"><strong>Maitriser la solution d&rsquo;automatisation BtoB<\/strong><\/p>\n\n\n\n<ul class=\"wp-block-list\">\n<li>Configurer de l&rsquo;application Pardot<\/li>\n\n\n\n<li>Comprendre la relation entre Pardot et Sales Cloud<\/li>\n\n\n\n<li>G\u00e9n\u00e9rer et qualifier vos prospects existants et futurs<\/li>\n\n\n\n<li>Comprendre et configurer les diff\u00e9rents assets Pardot (formulaire, landing page, custom redirects)<\/li>\n\n\n\n<li>Automatiser des sc\u00e9narios complexes<\/li>\n<\/ul>\n<\/div>\n\n\n\n<div class=\"wp-block-column has-text-color has-background has-link-color wp-elements-0ba01c835b9fefb899a89b231bf19f29 is-layout-flow wp-block-column-is-layout-flow\" style=\"color:#000000;background-color:#f9f4d7;padding-top:var(--wp--preset--spacing--50);padding-right:var(--wp--preset--spacing--50);padding-bottom:var(--wp--preset--spacing--50);padding-left:var(--wp--preset--spacing--50)\">\n<h2 class=\"wp-block-heading\" id=\"single\" style=\"font-size:39px\"><strong>Formation Utilisateurs<\/strong><\/h2>\n\n\n\n<p class=\"has-text-color\" style=\"color:#dec321\"><strong>Gagner de l&rsquo;adoption<\/strong><\/p>\n\n\n\n<ul class=\"wp-block-list\">\n<li>Besoin d\u2019un manuel d\u2019utilisateur?<\/li>\n\n\n\n<li>D\u2019une formation cibl\u00e9e?<\/li>\n\n\n\n<li>De redonner de la valeur aux commerciaux?<\/li>\n\n\n\n<li>Nous \u00e9tablissons le programme et la fr\u00e9quence avec vous pour que votre \u00e9quipe tire le meilleur des fonctionnalit\u00e9s en place<\/li>\n<\/ul>\n<\/div>\n<\/div>\n\n\n\n<div style=\"height:20px\" aria-hidden=\"true\" class=\"wp-block-spacer\"><\/div>\n\n\n\n<div class=\"wp-block-buttons alignwide is-content-justification-center is-layout-flex wp-container-core-buttons-is-layout-a89b3969 wp-block-buttons-is-layout-flex\">\n<div class=\"wp-block-button\"><a class=\"wp-block-button__link has-background has-text-align-center wp-element-button\" href=\"https:\/\/amayade.com\/index.php\/contactez-nous\/\" style=\"background-color:#dec321\">J&rsquo;ai besoin d&rsquo;un accompagnement<\/a><\/div>\n<\/div>\n\n\n\n<div style=\"height:50px\" aria-hidden=\"true\" class=\"wp-block-spacer\"><\/div>\n\n\n\n<div class=\"wp-block-group alignfull has-background-color has-white-color has-text-color has-background has-link-color wp-elements-73b3b7ba88a909c78a4c30616a74f61f is-vertical is-content-justification-stretch is-layout-flex wp-container-core-group-is-layout-48a3dbfb wp-block-group-is-layout-flex\" style=\"background-color:#1d517f;min-height:40vh;margin-top:0;margin-bottom:0;padding-top:var(--wp--preset--spacing--60);padding-right:var(--wp--preset--spacing--40);padding-bottom:var(--wp--preset--spacing--60);padding-left:var(--wp--preset--spacing--40)\">\n<div class=\"wp-block-columns alignwide has-small-font-size is-layout-flex wp-container-core-columns-is-layout-28f84493 wp-block-columns-is-layout-flex\">\n<div class=\"wp-block-column has-ast-global-color-8-color has-text-color is-layout-flow wp-block-column-is-layout-flow\">\n<p class=\"has-text-align-center has-ast-global-color-5-color has-text-color\"><strong>Nos services<\/strong><\/p>\n\n\n\n<p class=\"has-text-align-center has-ast-global-color-1-color has-text-color\"><a href=\"https:\/\/amayade.com\/index.php\/integration-de-salesforce\/\" title=\"Conseil &amp; Int\u00e9gration\">Conseil &amp; Int\u00e9gration<\/a><\/p>\n\n\n\n<p class=\"has-text-align-center\"><a href=\"https:\/\/amayade.com\/index.php\/evolutions-salesforce\/\" title=\"\u00c9volution &amp; Maintenance\">\u00c9volution &amp; Maintenance<\/a><\/p>\n\n\n\n<p class=\"has-text-align-center\"><a href=\"https:\/\/amayade.com\/index.php\/formation-salesforce\/\" title=\"Formation sur-mesure\">Formation sur-mesure<\/a><\/p>\n\n\n\n<div style=\"height:24px\" aria-hidden=\"true\" class=\"wp-block-spacer\"><\/div>\n<\/div>\n\n\n\n<div class=\"wp-block-column has-ast-global-color-8-color has-text-color is-layout-flow wp-block-column-is-layout-flow\">\n<p class=\"has-text-align-center has-ast-global-color-5-color has-text-color\"><strong>Nos expertises<\/strong><\/p>\n\n\n\n<p class=\"has-text-align-center has-ast-global-color-1-color has-text-color\"><a href=\"https:\/\/amayade.com\/index.php\/integrateur-sales-cloud\/\" title=\"Sales Cloud\">Sales Cloud<\/a><\/p>\n\n\n\n<p class=\"has-text-align-center\"><a href=\"https:\/\/amayade.com\/index.php\/integrateur-service-cloud\/\" title=\"Service Cloud\">Service Cloud<\/a><\/p>\n\n\n\n<p class=\"has-text-align-center\"><a href=\"https:\/\/amayade.com\/index.php\/integrateur-marketing-cloud-account-engagement-pardot\/\" title=\"Marketing Cloud Account Engagement\">Marketing Cloud Account Engagement<\/a><\/p>\n\n\n\n<p class=\"has-text-align-center has-ast-global-color-5-color has-text-color\"><a href=\"https:\/\/amayade.com\/index.php\/integrateur-experience-cloud\/\" title=\"Experience Cloud\">Experience Cloud<\/a><\/p>\n<\/div>\n\n\n\n<div class=\"wp-block-column has-ast-global-color-8-color has-text-color is-layout-flow wp-block-column-is-layout-flow\">\n<p class=\"has-text-align-center has-ast-global-color-5-color has-text-color\"><strong><strong>A propos<\/strong><\/strong><\/p>\n\n\n\n<p class=\"has-text-align-center has-ast-global-color-5-color has-text-color\">Adresse : 36 bis Cr Mar\u00e9chal Juin, <br>33300 Bordeaux, Gironde, Nouvelle Aquitaine, France<\/p>\n\n\n\n<div class=\"wp-block-columns is-layout-flex wp-container-core-columns-is-layout-28f84493 wp-block-columns-is-layout-flex\">\n<div class=\"wp-block-column is-layout-flow wp-block-column-is-layout-flow\" style=\"flex-basis:100%\">\n<div class=\"wp-block-columns is-layout-flex wp-container-core-columns-is-layout-28f84493 wp-block-columns-is-layout-flex\">\n<div class=\"wp-block-column is-layout-flow wp-block-column-is-layout-flow\">\n<p class=\"has-text-align-center\"><a href=\"https:\/\/www.linkedin.com\/company\/amayade\/about\/\"><img loading=\"lazy\" decoding=\"async\" width=\"20\" height=\"20\" src=\"https:\/\/amayade.com\/wp-content\/uploads\/2023\/10\/logo-linkedin-rond-1024x1024.webp\" alt=\"Linkedin\"> Linkedin<\/a><br><a href=\"https:\/\/www.youtube.com\/channel\/UCVLBr5_u-fqUqvzG32AXRGA?app=desktop\"><img loading=\"lazy\" decoding=\"async\" width=\"20\" height=\"20\" src=\"https:\/\/amayade.com\/wp-content\/uploads\/2023\/10\/youtube-picto.png\" alt=\"Youtube\"> Youtube<\/a><\/p>\n<\/div>\n\n\n\n<div class=\"wp-block-column is-layout-flow wp-block-column-is-layout-flow\">\n<figure class=\"wp-block-image aligncenter size-large is-resized\"><img loading=\"lazy\" decoding=\"async\" src=\"https:\/\/amayade.com\/wp-content\/uploads\/2023\/10\/Salesforce_Partner-1-980x1024.png\" alt=\"Salesforce Partenaire\" class=\"wp-image-1607\" style=\"width:67px;height:70px\" width=\"67\" height=\"70\" srcset=\"https:\/\/amayade.com\/wp-content\/uploads\/2023\/10\/Salesforce_Partner-1-980x1024.png 980w, https:\/\/amayade.com\/wp-content\/uploads\/2023\/10\/Salesforce_Partner-1-287x300.png 287w, https:\/\/amayade.com\/wp-content\/uploads\/2023\/10\/Salesforce_Partner-1-768x803.png 768w, https:\/\/amayade.com\/wp-content\/uploads\/2023\/10\/Salesforce_Partner-1-1469x1536.png 1469w, https:\/\/amayade.com\/wp-content\/uploads\/2023\/10\/Salesforce_Partner-1.png 1568w\" sizes=\"auto, (max-width: 67px) 100vw, 67px\" \/><\/figure>\n<\/div>\n<\/div>\n<\/div>\n<\/div>\n<\/div>\n<\/div>\n<\/div>\n","protected":false},"excerpt":{"rendered":"<p>Nous proposons des formations Salesforce personnalis\u00e9es et adapt\u00e9es aux besoins de votre entreprise. Nos formateurs certifi\u00e9s vous aideront \u00e0 ma\u00eetriser les concepts et les fonctionnalit\u00e9s Salesforce dont vous avez besoin pour r\u00e9ussir. Nos formations peuvent \u00eatre dispens\u00e9es \u00e0 distance ou en pr\u00e9sentiel, selon vos pr\u00e9f\u00e9rences. NOS OFFRES DE FORMATION SALESFORCE Formation Administrateur Gagner en autonomie &hellip;<\/p>\n<p class=\"read-more\"> <a class=\"\" href=\"https:\/\/amayade.com\/index.php\/formation-salesforce\/\"> <span class=\"screen-reader-text\">Formation Salesforce Consultant<\/span> Lire la suite\u00a0\u00bb<\/a><\/p>\n","protected":false},"author":3,"featured_media":0,"parent":0,"menu_order":0,"comment_status":"closed","ping_status":"closed","template":"","meta":{"_mi_skip_tracking":false,"site-sidebar-layout":"default","site-content-layout":"","ast-site-content-layout":"default","site-content-style":"default","site-sidebar-style":"default","ast-global-header-display":"","ast-banner-title-visibility":"","ast-main-header-display":"","ast-hfb-above-header-display":"","ast-hfb-below-header-display":"","ast-hfb-mobile-header-display":"","site-post-title":"disabled","ast-breadcrumbs-content":"","ast-featured-img":"","footer-sml-layout":"","theme-transparent-header-meta":"","adv-header-id-meta":"","stick-header-meta":"","header-above-stick-meta":"","header-main-stick-meta":"","header-below-stick-meta":"","astra-migrate-meta-layouts":"set","footnotes":""},"class_list":["post-1636","page","type-page","status-publish","hentry"],"aioseo_notices":[],"_links":{"self":[{"href":"https:\/\/amayade.com\/index.php\/wp-json\/wp\/v2\/pages\/1636","targetHints":{"allow":["GET"]}}],"collection":[{"href":"https:\/\/amayade.com\/index.php\/wp-json\/wp\/v2\/pages"}],"about":[{"href":"https:\/\/amayade.com\/index.php\/wp-json\/wp\/v2\/types\/page"}],"author":[{"embeddable":true,"href":"https:\/\/amayade.com\/index.php\/wp-json\/wp\/v2\/users\/3"}],"replies":[{"embeddable":true,"href":"https:\/\/amayade.com\/index.php\/wp-json\/wp\/v2\/comments?post=1636"}],"version-history":[{"count":23,"href":"https:\/\/amayade.com\/index.php\/wp-json\/wp\/v2\/pages\/1636\/revisions"}],"predecessor-version":[{"id":2414,"href":"https:\/\/amayade.com\/index.php\/wp-json\/wp\/v2\/pages\/1636\/revisions\/2414"}],"wp:attachment":[{"href":"https:\/\/amayade.com\/index.php\/wp-json\/wp\/v2\/media?parent=1636"}],"curies":[{"name":"wp","href":"https:\/\/api.w.org\/{rel}","templated":true}]}}