{"id":1940,"date":"2023-10-31T09:16:38","date_gmt":"2023-10-31T09:16:38","guid":{"rendered":"https:\/\/amayade.com\/?page_id=1940"},"modified":"2023-11-09T16:56:07","modified_gmt":"2023-11-09T16:56:07","slug":"integrateur-service-cloud","status":"publish","type":"page","link":"https:\/\/amayade.com\/index.php\/integrateur-service-cloud\/","title":{"rendered":"Int\u00e9grateur Service Cloud"},"content":{"rendered":"\n<div class=\"wp-block-media-text alignwide has-media-on-the-right is-stacked-on-mobile is-vertically-aligned-center has-ast-global-color-4-background-color has-background\" style=\"padding-top:var(--wp--preset--spacing--50);padding-right:var(--wp--preset--spacing--70);padding-bottom:var(--wp--preset--spacing--70);padding-left:var(--wp--preset--spacing--30);grid-template-columns:auto 40%\"><div class=\"wp-block-media-text__content\">\n<div class=\"wp-block-group is-layout-flow wp-block-group-is-layout-flow\" style=\"padding-top:2em;padding-right:2em;padding-bottom:2em;padding-left:2em\"><div class=\"wp-block-group__inner-container\">\n<h2 class=\"wp-block-heading has-ast-global-color-1-color has-text-color\" style=\"font-size:36px\"><strong>Am\u00e9liorer votre Service Client avec Service Cloud Salesforce.<\/strong><\/h2>\n\n\n\n<p>Service Cloud de Salesforce est une solution de gestion de relation client puissant. Il offre des outils de support, de gestion des cas, de routage intelligent, de self-service, et une vue 360\u00b0 du client pour fournir un service client complet.<\/p>\n\n\n\n<div class=\"wp-block-buttons is-layout-flex wp-block-buttons-is-layout-flex\">\n<div class=\"wp-block-button\"><a class=\"wp-block-button__link has-background wp-element-button\" href=\"https:\/\/amayade.com\/index.php\/contactez-nous\/\" style=\"background-color:#f28eaa\">J&rsquo;ai un projet Service Cloud<\/a><\/div>\n<\/div>\n<\/div><\/div>\n<\/div><figure class=\"wp-block-media-text__media\"><img loading=\"lazy\" decoding=\"async\" width=\"773\" height=\"368\" src=\"https:\/\/amayade.com\/wp-content\/uploads\/2023\/10\/svc_trial.png\" alt=\"Service Cloud Salesforce\" class=\"wp-image-1947 size-full\" srcset=\"https:\/\/amayade.com\/wp-content\/uploads\/2023\/10\/svc_trial.png 773w, https:\/\/amayade.com\/wp-content\/uploads\/2023\/10\/svc_trial-300x143.png 300w, https:\/\/amayade.com\/wp-content\/uploads\/2023\/10\/svc_trial-768x366.png 768w\" sizes=\"auto, (max-width: 773px) 100vw, 773px\" \/><\/figure><\/div>\n\n\n\n<div style=\"height:50px\" aria-hidden=\"true\" class=\"wp-block-spacer\"><\/div>\n\n\n\n<h2 class=\"wp-block-heading has-text-align-center has-large-font-size\"><strong><strong>LES AVANTAGES DE SERVICE CLOUD<\/strong><\/strong><\/h2>\n\n\n\n<div style=\"height:20px\" aria-hidden=\"true\" class=\"wp-block-spacer\"><\/div>\n\n\n\n<div class=\"wp-block-columns is-layout-flex wp-container-core-columns-is-layout-28f84493 wp-block-columns-is-layout-flex\">\n<div class=\"wp-block-column is-layout-flow wp-block-column-is-layout-flow\">\n<div class=\"wp-block-columns alignfull has-text-color has-background is-layout-flex wp-container-core-columns-is-layout-28f84493 wp-block-columns-is-layout-flex\" style=\"color:#000000;background-color:#ffffff\">\n<div class=\"wp-block-column is-layout-flow wp-block-column-is-layout-flow\" style=\"padding-right:var(--wp--preset--spacing--30);padding-left:var(--wp--preset--spacing--30)\">\n<h3 class=\"wp-block-heading has-text-color\" style=\"color:#f28eaa;font-size:24px;line-height:1.3\"><strong>EXP\u00c9RIENCE OMNICANALE<\/strong><\/h3>\n\n\n\n<p>La solution permet aux entreprises de communiquer avec leurs clients sur les canaux qu&rsquo;ils pr\u00e9f\u00e8rent, tels que le t\u00e9l\u00e9phone, le chat, les e-mails et les m\u00e9dias sociaux par exemple.<\/p>\n<\/div>\n\n\n\n<div class=\"wp-block-column is-layout-flow wp-block-column-is-layout-flow\" style=\"padding-right:var(--wp--preset--spacing--40);padding-left:var(--wp--preset--spacing--40)\">\n<h3 class=\"wp-block-heading has-text-color\" style=\"color:#f28eaa;font-size:24px;line-height:1.3\"><strong>VUE 360\u00b0 DU CLIENT<\/strong><\/h3>\n\n\n\n<p>Les agents voient directement l&rsquo;historique des interactions d&rsquo;un client sur tous les canaux. Cela leurs permet de mieux comprendre les besoins du client et de fournir un service plus personnalis\u00e9 et efficace.<\/p>\n<\/div>\n\n\n\n<div class=\"wp-block-column is-layout-flow wp-block-column-is-layout-flow\" style=\"padding-right:var(--wp--preset--spacing--40);padding-left:var(--wp--preset--spacing--40)\">\n<h3 class=\"wp-block-heading has-text-color\" style=\"color:#f28eaa;font-size:24px;line-height:1.3\"><strong><strong>MISE EN PLACE DE SLA<\/strong><\/strong><\/h3>\n\n\n\n<p>C&rsquo;est l&rsquo;outil parfait pour mettre en place des SLA (Service Level Agreement) et les faire respecter. Il permet de suivre les interactions avec les clients, de mesurer la performance des agents et d&rsquo;automatiser les t\u00e2ches.<\/p>\n<\/div>\n<\/div>\n\n\n\n<div class=\"wp-block-columns alignfull has-text-color has-background is-layout-flex wp-container-core-columns-is-layout-28f84493 wp-block-columns-is-layout-flex\" style=\"color:#000000;background-color:#ffffff\">\n<div class=\"wp-block-column is-layout-flow wp-block-column-is-layout-flow\" style=\"padding-right:var(--wp--preset--spacing--30);padding-left:var(--wp--preset--spacing--30)\">\n<h3 class=\"wp-block-heading has-text-color\" style=\"color:#f28eaa;font-size:24px;line-height:1.3\"><strong>SUIVI DES CHIFFRES CL\u00c9S<\/strong><\/h3>\n\n\n\n<p>Service Cloud fournit des donn\u00e9es exploitables gr\u00e2ce \u00e0 des rapports et des tableaux de bord avanc\u00e9s, permettant d&rsquo;optimiser la performance du service client et prendre des d\u00e9cisions ad\u00e9quates.<\/p>\n<\/div>\n\n\n\n<div class=\"wp-block-column is-layout-flow wp-block-column-is-layout-flow\" style=\"padding-right:var(--wp--preset--spacing--40);padding-left:var(--wp--preset--spacing--40)\">\n<h3 class=\"wp-block-heading has-text-color\" style=\"color:#f28eaa;font-size:24px;line-height:1.3\"><strong><strong>KNOWLEDGE SERVICE CLOUD<\/strong><\/strong><\/h3>\n\n\n\n<p>L&rsquo;entreprise met en place une base de connaissances en ligne qui permet aux clients d&rsquo;obtenir eux-m\u00eames des r\u00e9ponses plus rapidement et plus facilement. Cela am\u00e9liore grandement la satisfaction du client ou du partenaire.<\/p>\n<\/div>\n\n\n\n<div class=\"wp-block-column is-layout-flow wp-block-column-is-layout-flow\" style=\"padding-right:var(--wp--preset--spacing--40);padding-left:var(--wp--preset--spacing--40)\">\n<h3 class=\"wp-block-heading has-text-color\" style=\"color:#f28eaa;font-size:24px;line-height:1.3\"><strong><strong>INT\u00c9GRATION D&rsquo;UN CTI<\/strong><\/strong><\/h3>\n\n\n\n<p>Connecter efficacement Service Cloud \u00e0 votre CTI existant. Cela permettra aux \u00e9quipes d&rsquo;\u00eatre r\u00e9actif lors des appels entrants et sortants gr\u00e2ce \u00e0 l&rsquo;identification du client et l&rsquo;ouverture automatique de sa page.<\/p>\n<\/div>\n<\/div>\n<\/div>\n<\/div>\n\n\n\n<div style=\"height:20px\" aria-hidden=\"true\" class=\"wp-block-spacer\"><\/div>\n\n\n\n<div class=\"wp-block-buttons is-content-justification-center is-layout-flex wp-container-core-buttons-is-layout-a89b3969 wp-block-buttons-is-layout-flex\">\n<div class=\"wp-block-button\"><a class=\"wp-block-button__link has-background wp-element-button\" href=\"https:\/\/amayade.com\/index.php\/contactez-nous\/\" style=\"background-color:#f28eaa\">J&rsquo;ai un projet Service Cloud<\/a><\/div>\n<\/div>\n\n\n\n<div style=\"height:50px\" aria-hidden=\"true\" class=\"wp-block-spacer\"><\/div>\n\n\n\n<div class=\"wp-block-group alignfull has-background-color has-white-color has-text-color has-background has-link-color wp-elements-73b3b7ba88a909c78a4c30616a74f61f is-vertical is-content-justification-stretch is-layout-flex wp-container-core-group-is-layout-48a3dbfb wp-block-group-is-layout-flex\" style=\"background-color:#1d517f;min-height:40vh;margin-top:0;margin-bottom:0;padding-top:var(--wp--preset--spacing--60);padding-right:var(--wp--preset--spacing--40);padding-bottom:var(--wp--preset--spacing--60);padding-left:var(--wp--preset--spacing--40)\">\n<div class=\"wp-block-columns alignwide has-small-font-size is-layout-flex wp-container-core-columns-is-layout-28f84493 wp-block-columns-is-layout-flex\">\n<div class=\"wp-block-column has-ast-global-color-8-color has-text-color is-layout-flow wp-block-column-is-layout-flow\">\n<p class=\"has-text-align-center has-ast-global-color-5-color has-text-color\"><strong>Nos services<\/strong><\/p>\n\n\n\n<p class=\"has-text-align-center has-ast-global-color-1-color has-text-color\"><a href=\"https:\/\/amayade.com\/index.php\/integration-de-salesforce\/\" title=\"Conseil &amp; Int\u00e9gration\">Conseil &amp; Int\u00e9gration<\/a><\/p>\n\n\n\n<p class=\"has-text-align-center\"><a href=\"https:\/\/amayade.com\/index.php\/evolutions-salesforce\/\" title=\"\u00c9volution &amp; Maintenance\">\u00c9volution &amp; Maintenance<\/a><\/p>\n\n\n\n<p class=\"has-text-align-center\"><a href=\"https:\/\/amayade.com\/index.php\/formation-salesforce\/\" title=\"Formation sur-mesure\">Formation sur-mesure<\/a><\/p>\n\n\n\n<div style=\"height:24px\" aria-hidden=\"true\" class=\"wp-block-spacer\"><\/div>\n<\/div>\n\n\n\n<div class=\"wp-block-column has-ast-global-color-8-color has-text-color is-layout-flow wp-block-column-is-layout-flow\">\n<p class=\"has-text-align-center has-ast-global-color-5-color has-text-color\"><strong>Nos expertises<\/strong><\/p>\n\n\n\n<p class=\"has-text-align-center has-ast-global-color-1-color has-text-color\"><a href=\"https:\/\/amayade.com\/index.php\/integrateur-sales-cloud\/\" title=\"Sales Cloud\">Sales Cloud<\/a><\/p>\n\n\n\n<p class=\"has-text-align-center\"><a href=\"https:\/\/amayade.com\/index.php\/integrateur-service-cloud\/\" title=\"Service Cloud\">Service Cloud<\/a><\/p>\n\n\n\n<p class=\"has-text-align-center\"><a href=\"https:\/\/amayade.com\/index.php\/integrateur-marketing-cloud-account-engagement-pardot\/\" title=\"Marketing Cloud Account Engagement\">Marketing Cloud Account Engagement<\/a><\/p>\n\n\n\n<p class=\"has-text-align-center has-ast-global-color-5-color has-text-color\"><a href=\"https:\/\/amayade.com\/index.php\/integrateur-experience-cloud\/\" title=\"Experience Cloud\">Experience Cloud<\/a><\/p>\n<\/div>\n\n\n\n<div class=\"wp-block-column has-ast-global-color-8-color has-text-color is-layout-flow wp-block-column-is-layout-flow\">\n<p class=\"has-text-align-center has-ast-global-color-5-color has-text-color\"><strong><strong>A propos<\/strong><\/strong><\/p>\n\n\n\n<p class=\"has-text-align-center has-ast-global-color-5-color has-text-color\">Adresse : 36 bis Cr Mar\u00e9chal Juin, <br>33300 Bordeaux, Gironde, Nouvelle Aquitaine, France<\/p>\n\n\n\n<div class=\"wp-block-columns is-layout-flex wp-container-core-columns-is-layout-28f84493 wp-block-columns-is-layout-flex\">\n<div class=\"wp-block-column is-layout-flow wp-block-column-is-layout-flow\" style=\"flex-basis:100%\">\n<div class=\"wp-block-columns is-layout-flex wp-container-core-columns-is-layout-28f84493 wp-block-columns-is-layout-flex\">\n<div class=\"wp-block-column is-layout-flow wp-block-column-is-layout-flow\">\n<p class=\"has-text-align-center\"><a href=\"https:\/\/www.linkedin.com\/company\/amayade\/about\/\"><img loading=\"lazy\" decoding=\"async\" width=\"20\" height=\"20\" src=\"https:\/\/amayade.com\/wp-content\/uploads\/2023\/10\/logo-linkedin-rond-1024x1024.webp\" alt=\"Linkedin\"> Linkedin<\/a><br><a href=\"https:\/\/www.youtube.com\/channel\/UCVLBr5_u-fqUqvzG32AXRGA?app=desktop\"><img loading=\"lazy\" decoding=\"async\" width=\"20\" height=\"20\" src=\"https:\/\/amayade.com\/wp-content\/uploads\/2023\/10\/youtube-picto.png\" alt=\"Youtube\"> Youtube<\/a><\/p>\n<\/div>\n\n\n\n<div class=\"wp-block-column is-layout-flow wp-block-column-is-layout-flow\">\n<figure class=\"wp-block-image aligncenter size-large is-resized\"><img loading=\"lazy\" decoding=\"async\" src=\"https:\/\/amayade.com\/wp-content\/uploads\/2023\/10\/Salesforce_Partner-1-980x1024.png\" alt=\"Salesforce Partenaire\" class=\"wp-image-1607\" style=\"width:67px;height:70px\" width=\"67\" height=\"70\" srcset=\"https:\/\/amayade.com\/wp-content\/uploads\/2023\/10\/Salesforce_Partner-1-980x1024.png 980w, https:\/\/amayade.com\/wp-content\/uploads\/2023\/10\/Salesforce_Partner-1-287x300.png 287w, https:\/\/amayade.com\/wp-content\/uploads\/2023\/10\/Salesforce_Partner-1-768x803.png 768w, https:\/\/amayade.com\/wp-content\/uploads\/2023\/10\/Salesforce_Partner-1-1469x1536.png 1469w, https:\/\/amayade.com\/wp-content\/uploads\/2023\/10\/Salesforce_Partner-1.png 1568w\" sizes=\"auto, (max-width: 67px) 100vw, 67px\" \/><\/figure>\n<\/div>\n<\/div>\n<\/div>\n<\/div>\n<\/div>\n<\/div>\n<\/div>\n","protected":false},"excerpt":{"rendered":"<p>LES AVANTAGES DE SERVICE CLOUD EXP\u00c9RIENCE OMNICANALE La solution permet aux entreprises de communiquer avec leurs clients sur les canaux qu&rsquo;ils pr\u00e9f\u00e8rent, tels que le t\u00e9l\u00e9phone, le chat, les e-mails et les m\u00e9dias sociaux par exemple. VUE 360\u00b0 DU CLIENT Les agents voient directement l&rsquo;historique des interactions d&rsquo;un client sur tous les canaux. Cela leurs &hellip;<\/p>\n<p class=\"read-more\"> <a class=\"\" href=\"https:\/\/amayade.com\/index.php\/integrateur-service-cloud\/\"> <span class=\"screen-reader-text\">Int\u00e9grateur Service Cloud<\/span> Lire la suite\u00a0\u00bb<\/a><\/p>\n","protected":false},"author":3,"featured_media":0,"parent":0,"menu_order":0,"comment_status":"closed","ping_status":"closed","template":"","meta":{"_mi_skip_tracking":false,"site-sidebar-layout":"default","site-content-layout":"","ast-site-content-layout":"default","site-content-style":"default","site-sidebar-style":"default","ast-global-header-display":"","ast-banner-title-visibility":"","ast-main-header-display":"","ast-hfb-above-header-display":"","ast-hfb-below-header-display":"","ast-hfb-mobile-header-display":"","site-post-title":"disabled","ast-breadcrumbs-content":"","ast-featured-img":"","footer-sml-layout":"","theme-transparent-header-meta":"","adv-header-id-meta":"","stick-header-meta":"","header-above-stick-meta":"","header-main-stick-meta":"","header-below-stick-meta":"","astra-migrate-meta-layouts":"set","footnotes":""},"class_list":["post-1940","page","type-page","status-publish","hentry"],"aioseo_notices":[],"_links":{"self":[{"href":"https:\/\/amayade.com\/index.php\/wp-json\/wp\/v2\/pages\/1940","targetHints":{"allow":["GET"]}}],"collection":[{"href":"https:\/\/amayade.com\/index.php\/wp-json\/wp\/v2\/pages"}],"about":[{"href":"https:\/\/amayade.com\/index.php\/wp-json\/wp\/v2\/types\/page"}],"author":[{"embeddable":true,"href":"https:\/\/amayade.com\/index.php\/wp-json\/wp\/v2\/users\/3"}],"replies":[{"embeddable":true,"href":"https:\/\/amayade.com\/index.php\/wp-json\/wp\/v2\/comments?post=1940"}],"version-history":[{"count":16,"href":"https:\/\/amayade.com\/index.php\/wp-json\/wp\/v2\/pages\/1940\/revisions"}],"predecessor-version":[{"id":2236,"href":"https:\/\/amayade.com\/index.php\/wp-json\/wp\/v2\/pages\/1940\/revisions\/2236"}],"wp:attachment":[{"href":"https:\/\/amayade.com\/index.php\/wp-json\/wp\/v2\/media?parent=1940"}],"curies":[{"name":"wp","href":"https:\/\/api.w.org\/{rel}","templated":true}]}}