{"id":1997,"date":"2023-10-31T09:15:57","date_gmt":"2023-10-31T09:15:57","guid":{"rendered":"https:\/\/amayade.com\/?page_id=1997"},"modified":"2023-11-10T11:19:33","modified_gmt":"2023-11-10T11:19:33","slug":"integrateur-experience-cloud","status":"publish","type":"page","link":"https:\/\/amayade.com\/index.php\/integrateur-experience-cloud\/","title":{"rendered":"Int\u00e9grateur Exp\u00e9rience Cloud"},"content":{"rendered":"\n<div class=\"wp-block-media-text alignwide has-media-on-the-right is-stacked-on-mobile is-vertically-aligned-center has-ast-global-color-4-background-color has-background\" style=\"padding-top:var(--wp--preset--spacing--50);padding-right:var(--wp--preset--spacing--70);padding-bottom:var(--wp--preset--spacing--70);padding-left:var(--wp--preset--spacing--30);grid-template-columns:auto 40%\"><div class=\"wp-block-media-text__content\">\n<div class=\"wp-block-group is-layout-flow wp-block-group-is-layout-flow\" style=\"padding-top:2em;padding-right:2em;padding-bottom:2em;padding-left:2em\"><div class=\"wp-block-group__inner-container\">\n<h2 class=\"wp-block-heading has-ast-global-color-1-color has-text-color\" style=\"font-size:36px\"><strong>D\u00e9velopper votre communaut\u00e9 de clients ou de collaborateurs avec Exp\u00e9rience Cloud.<\/strong><\/h2>\n\n\n\n<p>Experience Cloud de Salesforce (anciennement Community) est une solution d&rsquo;engagement client puissante. Gr\u00e2ce \u00e0 ses fonctionnalit\u00e9s avanc\u00e9es, elle permet aux entreprises de cr\u00e9er des communaut\u00e9s en ligne, de personnaliser l&rsquo;exp\u00e9rience client ou collaborateur et de favoriser la collaboration interne et externe. Ainsi, vous pouvez partager un peu de votre CRM \u00e0 votre communaut\u00e9. Autrement dit, c&rsquo;est leur donner acc\u00e8s uniquement aux donn\u00e9es qui les int\u00e9ressent tout en personnalisant leur exp\u00e9rience client\/collaborateur.<\/p>\n\n\n\n<div class=\"wp-block-buttons is-layout-flex wp-block-buttons-is-layout-flex\">\n<div class=\"wp-block-button\"><a class=\"wp-block-button__link has-background wp-element-button\" href=\"https:\/\/amayade.com\/index.php\/contactez-nous\/\" style=\"background-color:#07a0df\">J&rsquo;ai un projet Experience Cloud<\/a><\/div>\n<\/div>\n<\/div><\/div>\n<\/div><figure class=\"wp-block-media-text__media\"><img loading=\"lazy\" decoding=\"async\" width=\"668\" height=\"361\" src=\"https:\/\/amayade.com\/wp-content\/uploads\/2023\/10\/sfdc-clay-hero-devices-experiences.png\" alt=\"Experience Cloud Salesforce\" class=\"wp-image-2000 size-full\" srcset=\"https:\/\/amayade.com\/wp-content\/uploads\/2023\/10\/sfdc-clay-hero-devices-experiences.png 668w, https:\/\/amayade.com\/wp-content\/uploads\/2023\/10\/sfdc-clay-hero-devices-experiences-300x162.png 300w\" sizes=\"auto, (max-width: 668px) 100vw, 668px\" \/><\/figure><\/div>\n\n\n\n<div style=\"height:50px\" aria-hidden=\"true\" class=\"wp-block-spacer\"><\/div>\n\n\n\n<h2 class=\"wp-block-heading has-text-align-center has-large-font-size\"><strong><strong>LES AVANTAGES DE EXPERIENCE CLOUD<\/strong><\/strong><\/h2>\n\n\n\n<div style=\"height:20px\" aria-hidden=\"true\" class=\"wp-block-spacer\"><\/div>\n\n\n\n<div class=\"wp-block-columns alignfull has-text-color has-background is-layout-flex wp-container-core-columns-is-layout-28f84493 wp-block-columns-is-layout-flex\" style=\"color:#000000;background-color:#ffffff\">\n<div class=\"wp-block-column is-layout-flow wp-block-column-is-layout-flow\" style=\"padding-right:var(--wp--preset--spacing--30);padding-left:var(--wp--preset--spacing--30)\">\n<h3 class=\"wp-block-heading has-text-color\" style=\"color:#07a0df;font-size:24px;line-height:1.3\"><strong>PERSONNALISATION DE L&rsquo;EXP\u00c9RIENCE<\/strong><\/h3>\n\n\n\n<p>La solution permet de personnaliser les contenus et les fonctionnalit\u00e9s selon les besoins sp\u00e9cifiques de chaque communaut\u00e9. On optimisera la navigation et l&rsquo;exp\u00e9rience utilisateur pour une satisfaction maximum.<\/p>\n<\/div>\n\n\n\n<div class=\"wp-block-column is-layout-flow wp-block-column-is-layout-flow\" style=\"padding-right:var(--wp--preset--spacing--40);padding-left:var(--wp--preset--spacing--40)\">\n<h3 class=\"wp-block-heading has-text-color\" style=\"color:#07a0df;font-size:24px;line-height:1.3\"><strong>GESTION DES AUDIENCES<\/strong><\/h3>\n\n\n\n<p>Experience Cloud permet aux entreprises de cibler, personnaliser et diffuser des contenus sp\u00e9cifiques \u00e0 des audiences d\u00e9finies en amont parmi ses clients, partenaires ou employ\u00e9s. Le bon contenu parvient \u00e0 la bonne personne.<\/p>\n<\/div>\n\n\n\n<div class=\"wp-block-column is-layout-flow wp-block-column-is-layout-flow\" style=\"padding-right:var(--wp--preset--spacing--40);padding-left:var(--wp--preset--spacing--40)\">\n<h3 class=\"wp-block-heading has-text-color\" style=\"color:#07a0df;font-size:24px;line-height:1.3\"><strong><strong>AUX COULEURS DE L&rsquo;ENTREPRISE<\/strong><\/strong><\/h3>\n\n\n\n<p>Offre une exp\u00e9rience client coh\u00e9rente entre l&rsquo;ensemble des plateformes avec la mise en place d&rsquo;une identit\u00e9 visuelle de l&rsquo;entreprise. L&rsquo;environnement est donc familier et cela renforce l&rsquo;exp\u00e9rience utilisateur.<\/p>\n<\/div>\n<\/div>\n\n\n\n<div class=\"wp-block-columns alignfull has-text-color has-background is-layout-flex wp-container-core-columns-is-layout-28f84493 wp-block-columns-is-layout-flex\" style=\"color:#000000;background-color:#ffffff\">\n<div class=\"wp-block-column is-layout-flow wp-block-column-is-layout-flow\" style=\"padding-right:var(--wp--preset--spacing--30);padding-left:var(--wp--preset--spacing--30)\">\n<h3 class=\"wp-block-heading has-text-color\" style=\"color:#07a0df;font-size:24px;line-height:1.3\"><strong>INT\u00c9GRATION A VOTRE CRM<\/strong><\/h3>\n\n\n\n<p>Votre communaut\u00e9 ou votre Exp\u00e9rience digitale est \u00e9videmment int\u00e9gr\u00e9e \u00e0 votre CRM Salesforce si vous disposez d\u2019un des clouds Salesforce.&nbsp;Sinon, vous pouvez \u00e9galement connecter vos donn\u00e9es provenant de CRM externes ou des sources existantes, en un seul emplacement central.<\/p>\n<\/div>\n\n\n\n<div class=\"wp-block-column is-layout-flow wp-block-column-is-layout-flow\" style=\"padding-right:var(--wp--preset--spacing--40);padding-left:var(--wp--preset--spacing--40)\">\n<h3 class=\"wp-block-heading has-text-color\" style=\"color:#07a0df;font-size:24px;line-height:1.3\"><strong>CMS SALESFORCE<\/strong><\/h3>\n\n\n\n<p>Experience Cloud Salesforce int\u00e8gre de mani\u00e8re transparente le syst\u00e8me de gestion de contenu (CMS) de Salesforce, offrant ainsi une solution compl\u00e8te pour la cr\u00e9ation et la gestion de contenus dynamiques.<\/p>\n<\/div>\n\n\n\n<div class=\"wp-block-column is-layout-flow wp-block-column-is-layout-flow\" style=\"padding-right:var(--wp--preset--spacing--40);padding-left:var(--wp--preset--spacing--40)\">\n<h3 class=\"wp-block-heading has-text-color\" style=\"color:#07a0df;font-size:24px;line-height:1.3\"><strong><strong><strong><strong>SUR TOUS VOS APPAREILS<\/strong><\/strong><\/strong><\/strong><\/h3>\n\n\n\n<p>La solution offre une disponibilit\u00e9 sur tous les appareils pour faciliter l&rsquo;acc\u00e8s aux sites que ce soit sur un ordinateur, une tablette ou un smartphone. L&rsquo;exp\u00e9rience reste fluide et efficace pour l&rsquo;utilisateur.<\/p>\n<\/div>\n<\/div>\n\n\n\n<div style=\"height:20px\" aria-hidden=\"true\" class=\"wp-block-spacer\"><\/div>\n\n\n\n<div class=\"wp-block-buttons is-content-justification-center is-layout-flex wp-container-core-buttons-is-layout-a89b3969 wp-block-buttons-is-layout-flex\">\n<div class=\"wp-block-button\"><a class=\"wp-block-button__link has-background wp-element-button\" href=\"https:\/\/amayade.com\/index.php\/contactez-nous\/\" style=\"background-color:#07a0df\">J&rsquo;ai un projet Experience Cloud<\/a><\/div>\n<\/div>\n\n\n\n<div style=\"height:50px\" aria-hidden=\"true\" class=\"wp-block-spacer\"><\/div>\n\n\n\n<h2 class=\"wp-block-heading has-text-align-center has-large-font-size\"><strong><strong>LES CAS D&rsquo;USAGE<\/strong><\/strong><\/h2>\n\n\n\n<div class=\"wp-block-columns alignfull has-text-color has-background is-layout-flex wp-container-core-columns-is-layout-28f84493 wp-block-columns-is-layout-flex\" style=\"color:#000000;background-color:#ffffff\">\n<div class=\"wp-block-column has-background is-layout-flow wp-block-column-is-layout-flow\" style=\"background-color:#07a0df;padding-right:var(--wp--preset--spacing--40);padding-left:var(--wp--preset--spacing--40)\">\n<div class=\"wp-block-group has-background is-layout-constrained wp-block-group-is-layout-constrained\" style=\"background-color:#07a0df\"><div class=\"wp-block-group__inner-container\">\n<div class=\"wp-block-media-text alignwide is-vertically-aligned-center\" style=\"grid-template-columns:15% auto\"><figure class=\"wp-block-media-text__media\"><img loading=\"lazy\" decoding=\"async\" width=\"128\" height=\"128\" src=\"https:\/\/amayade.com\/wp-content\/uploads\/2023\/11\/collaboration-1.png\" alt=\"Icon Partenaire\" class=\"wp-image-2258 size-full\"\/><\/figure><div class=\"wp-block-media-text__content\">\n<p class=\"has-text-align-center has-ast-global-color-5-color has-text-color\" style=\"font-size:24px\"><strong>PORTAIL PARTENAIRE<\/strong><\/p>\n<\/div><\/div>\n\n\n\n<div style=\"height:20px\" aria-hidden=\"true\" class=\"wp-block-spacer\"><\/div>\n\n\n\n<p class=\"has-ast-global-color-5-color has-text-color\">Vous avez un CRM, vous voulez mettre \u00e0 disposition une partie de vos onglets et de vos donn\u00e9es \u00e0 des partenaires pour qu&rsquo;ils puissent collaborer avec vous, apporter des leads et g\u00e9n\u00e9rer du business. Vous souhaitez leur donner acc\u00e8s \u00e0 un p\u00e9rim\u00e8tre restreint<\/p>\n<\/div><\/div>\n<\/div>\n\n\n\n<div class=\"wp-block-column is-layout-flow wp-block-column-is-layout-flow\">\n<div class=\"wp-block-group has-background is-layout-constrained wp-block-group-is-layout-constrained\" style=\"background-color:#07a0df\"><div class=\"wp-block-group__inner-container\">\n<div class=\"wp-block-media-text\" style=\"grid-template-columns:15% auto\"><figure class=\"wp-block-media-text__media\"><img loading=\"lazy\" decoding=\"async\" width=\"128\" height=\"128\" src=\"https:\/\/amayade.com\/wp-content\/uploads\/2023\/11\/service-client.png\" alt=\"Icon Service Client\" class=\"wp-image-2268 size-full\"\/><\/figure><div class=\"wp-block-media-text__content\">\n<p class=\"has-text-align-center has-ast-global-color-5-color has-text-color\" style=\"font-size:24px\"><strong>PORTAIL CLIENT<\/strong><\/p>\n<\/div><\/div>\n\n\n\n<div style=\"height:20px\" aria-hidden=\"true\" class=\"wp-block-spacer\"><\/div>\n\n\n\n<p class=\"has-ast-global-color-5-color has-text-color\">On laissera les clients se cr\u00e9er un acc\u00e8s \u00e0 leur portail personnel, souvent accessible depuis le site web. Via cet acc\u00e8s, ils mettent \u00e0 jour leurs donn\u00e9es personnelles et fournissent ou demandent des informations \u00e0 votre \u00e9quipe. Cet acc\u00e8s peut par exemple leur permettre d&rsquo;avoir acc\u00e8s au support client. En termes d&rsquo;onglet et de visibilit\u00e9, on leur partagera un seul onglet du CRM interne, en ne leur laissant acc\u00e8s qu&rsquo;\u00e0 leurs demandes.<\/p>\n<\/div><\/div>\n<\/div>\n\n\n\n<div class=\"wp-block-column has-background is-layout-flow wp-block-column-is-layout-flow\" style=\"background-color:#07a0df\">\n<div class=\"wp-block-group has-background is-layout-constrained wp-block-group-is-layout-constrained\" style=\"background-color:#07a0df\"><div class=\"wp-block-group__inner-container\">\n<div class=\"wp-block-media-text\" style=\"grid-template-columns:15% auto\"><figure class=\"wp-block-media-text__media\"><img loading=\"lazy\" decoding=\"async\" width=\"128\" height=\"128\" src=\"https:\/\/amayade.com\/wp-content\/uploads\/2023\/11\/communautes.png\" alt=\"Icon Communaut\u00e9\" class=\"wp-image-2269 size-full\"\/><\/figure><div class=\"wp-block-media-text__content\">\n<p class=\"has-text-align-center has-ast-global-color-5-color has-text-color\" style=\"font-size:24px\"><strong>COMMUNAUT\u00c9<\/strong><\/p>\n<\/div><\/div>\n\n\n\n<div style=\"height:20px\" aria-hidden=\"true\" class=\"wp-block-spacer\"><\/div>\n\n\n\n<p class=\"has-ast-global-color-5-color has-text-color\">On mettra \u00e0 disposition d&rsquo;utilisateurs externes ou de clients une FAQ, des articles \u00e0 commenter ou sur lequel ils peuvent intervenir, voter etc. On identifiera les meilleurs contributeurs par exemple. On animera les articles les plus lus, ou la question qui a fait le plus r\u00e9agir.<\/p>\n<\/div><\/div>\n<\/div>\n<\/div>\n\n\n\n<div style=\"height:20px\" aria-hidden=\"true\" class=\"wp-block-spacer\"><\/div>\n\n\n\n<div class=\"wp-block-buttons is-content-justification-center is-layout-flex wp-container-core-buttons-is-layout-a89b3969 wp-block-buttons-is-layout-flex\">\n<div class=\"wp-block-button\"><a class=\"wp-block-button__link has-background wp-element-button\" href=\"https:\/\/amayade.com\/index.php\/contactez-nous\/\" style=\"background-color:#07a0df\">J&rsquo;ai un projet Experience Cloud<\/a><\/div>\n<\/div>\n\n\n\n<div style=\"height:50px\" aria-hidden=\"true\" class=\"wp-block-spacer\"><\/div>\n\n\n\n<div class=\"wp-block-group alignfull has-background-color has-white-color has-text-color has-background has-link-color wp-elements-73b3b7ba88a909c78a4c30616a74f61f is-vertical is-content-justification-stretch is-layout-flex wp-container-core-group-is-layout-48a3dbfb wp-block-group-is-layout-flex\" style=\"background-color:#1d517f;min-height:40vh;margin-top:0;margin-bottom:0;padding-top:var(--wp--preset--spacing--60);padding-right:var(--wp--preset--spacing--40);padding-bottom:var(--wp--preset--spacing--60);padding-left:var(--wp--preset--spacing--40)\">\n<div class=\"wp-block-columns alignwide has-small-font-size is-layout-flex wp-container-core-columns-is-layout-28f84493 wp-block-columns-is-layout-flex\">\n<div class=\"wp-block-column has-ast-global-color-8-color has-text-color is-layout-flow wp-block-column-is-layout-flow\">\n<p class=\"has-text-align-center has-ast-global-color-5-color has-text-color\"><strong>Nos services<\/strong><\/p>\n\n\n\n<p class=\"has-text-align-center has-ast-global-color-1-color has-text-color\"><a href=\"https:\/\/amayade.com\/index.php\/integration-de-salesforce\/\" title=\"Conseil &amp; Int\u00e9gration\">Conseil &amp; Int\u00e9gration<\/a><\/p>\n\n\n\n<p class=\"has-text-align-center\"><a href=\"https:\/\/amayade.com\/index.php\/evolutions-salesforce\/\" title=\"\u00c9volution &amp; Maintenance\">\u00c9volution &amp; Maintenance<\/a><\/p>\n\n\n\n<p class=\"has-text-align-center\"><a href=\"https:\/\/amayade.com\/index.php\/formation-salesforce\/\" title=\"Formation sur-mesure\">Formation sur-mesure<\/a><\/p>\n\n\n\n<div style=\"height:24px\" aria-hidden=\"true\" class=\"wp-block-spacer\"><\/div>\n<\/div>\n\n\n\n<div class=\"wp-block-column has-ast-global-color-8-color has-text-color is-layout-flow wp-block-column-is-layout-flow\">\n<p class=\"has-text-align-center has-ast-global-color-5-color has-text-color\"><strong>Nos expertises<\/strong><\/p>\n\n\n\n<p class=\"has-text-align-center has-ast-global-color-1-color has-text-color\"><a href=\"https:\/\/amayade.com\/index.php\/integrateur-sales-cloud\/\" title=\"Sales Cloud\">Sales Cloud<\/a><\/p>\n\n\n\n<p class=\"has-text-align-center\"><a href=\"https:\/\/amayade.com\/index.php\/integrateur-service-cloud\/\" title=\"Service Cloud\">Service Cloud<\/a><\/p>\n\n\n\n<p class=\"has-text-align-center\"><a href=\"https:\/\/amayade.com\/index.php\/integrateur-marketing-cloud-account-engagement-pardot\/\" title=\"Marketing Cloud Account Engagement\">Marketing Cloud Account Engagement<\/a><\/p>\n\n\n\n<p class=\"has-text-align-center has-ast-global-color-5-color has-text-color\"><a href=\"https:\/\/amayade.com\/index.php\/integrateur-experience-cloud\/\" title=\"Experience Cloud\">Experience Cloud<\/a><\/p>\n<\/div>\n\n\n\n<div class=\"wp-block-column has-ast-global-color-8-color has-text-color is-layout-flow wp-block-column-is-layout-flow\">\n<p class=\"has-text-align-center has-ast-global-color-5-color has-text-color\"><strong><strong>A propos<\/strong><\/strong><\/p>\n\n\n\n<p class=\"has-text-align-center has-ast-global-color-5-color has-text-color\">Adresse : 36 bis Cr Mar\u00e9chal Juin, <br>33300 Bordeaux, Gironde, Nouvelle Aquitaine, France<\/p>\n\n\n\n<div class=\"wp-block-columns is-layout-flex wp-container-core-columns-is-layout-28f84493 wp-block-columns-is-layout-flex\">\n<div class=\"wp-block-column is-layout-flow wp-block-column-is-layout-flow\" style=\"flex-basis:100%\">\n<div class=\"wp-block-columns is-layout-flex wp-container-core-columns-is-layout-28f84493 wp-block-columns-is-layout-flex\">\n<div class=\"wp-block-column is-layout-flow wp-block-column-is-layout-flow\">\n<p class=\"has-text-align-center\"><a href=\"https:\/\/www.linkedin.com\/company\/amayade\/about\/\"><img loading=\"lazy\" decoding=\"async\" width=\"20\" height=\"20\" src=\"https:\/\/amayade.com\/wp-content\/uploads\/2023\/10\/logo-linkedin-rond-1024x1024.webp\" alt=\"Linkedin\"> Linkedin<\/a><br><a href=\"https:\/\/www.youtube.com\/channel\/UCVLBr5_u-fqUqvzG32AXRGA?app=desktop\"><img loading=\"lazy\" decoding=\"async\" width=\"20\" height=\"20\" src=\"https:\/\/amayade.com\/wp-content\/uploads\/2023\/10\/youtube-picto.png\" alt=\"Youtube\"> Youtube<\/a><\/p>\n<\/div>\n\n\n\n<div class=\"wp-block-column is-layout-flow wp-block-column-is-layout-flow\">\n<figure class=\"wp-block-image aligncenter size-large is-resized\"><img loading=\"lazy\" decoding=\"async\" src=\"https:\/\/amayade.com\/wp-content\/uploads\/2023\/10\/Salesforce_Partner-1-980x1024.png\" alt=\"Salesforce Partenaire\" class=\"wp-image-1607\" style=\"width:67px;height:70px\" width=\"67\" height=\"70\" srcset=\"https:\/\/amayade.com\/wp-content\/uploads\/2023\/10\/Salesforce_Partner-1-980x1024.png 980w, https:\/\/amayade.com\/wp-content\/uploads\/2023\/10\/Salesforce_Partner-1-287x300.png 287w, https:\/\/amayade.com\/wp-content\/uploads\/2023\/10\/Salesforce_Partner-1-768x803.png 768w, https:\/\/amayade.com\/wp-content\/uploads\/2023\/10\/Salesforce_Partner-1-1469x1536.png 1469w, https:\/\/amayade.com\/wp-content\/uploads\/2023\/10\/Salesforce_Partner-1.png 1568w\" sizes=\"auto, (max-width: 67px) 100vw, 67px\" \/><\/figure>\n<\/div>\n<\/div>\n<\/div>\n<\/div>\n<\/div>\n<\/div>\n<\/div>\n","protected":false},"excerpt":{"rendered":"<p>LES AVANTAGES DE EXPERIENCE CLOUD PERSONNALISATION DE L&rsquo;EXP\u00c9RIENCE La solution permet de personnaliser les contenus et les fonctionnalit\u00e9s selon les besoins sp\u00e9cifiques de chaque communaut\u00e9. On optimisera la navigation et l&rsquo;exp\u00e9rience utilisateur pour une satisfaction maximum. GESTION DES AUDIENCES Experience Cloud permet aux entreprises de cibler, personnaliser et diffuser des contenus sp\u00e9cifiques \u00e0 des audiences &hellip;<\/p>\n<p class=\"read-more\"> <a class=\"\" href=\"https:\/\/amayade.com\/index.php\/integrateur-experience-cloud\/\"> <span class=\"screen-reader-text\">Int\u00e9grateur Exp\u00e9rience Cloud<\/span> Lire la suite\u00a0\u00bb<\/a><\/p>\n","protected":false},"author":3,"featured_media":0,"parent":0,"menu_order":0,"comment_status":"closed","ping_status":"closed","template":"","meta":{"_mi_skip_tracking":false,"site-sidebar-layout":"default","site-content-layout":"","ast-site-content-layout":"default","site-content-style":"default","site-sidebar-style":"default","ast-global-header-display":"","ast-banner-title-visibility":"","ast-main-header-display":"","ast-hfb-above-header-display":"","ast-hfb-below-header-display":"","ast-hfb-mobile-header-display":"","site-post-title":"disabled","ast-breadcrumbs-content":"","ast-featured-img":"","footer-sml-layout":"","theme-transparent-header-meta":"","adv-header-id-meta":"","stick-header-meta":"","header-above-stick-meta":"","header-main-stick-meta":"","header-below-stick-meta":"","astra-migrate-meta-layouts":"set","footnotes":""},"class_list":["post-1997","page","type-page","status-publish","hentry"],"aioseo_notices":[],"_links":{"self":[{"href":"https:\/\/amayade.com\/index.php\/wp-json\/wp\/v2\/pages\/1997","targetHints":{"allow":["GET"]}}],"collection":[{"href":"https:\/\/amayade.com\/index.php\/wp-json\/wp\/v2\/pages"}],"about":[{"href":"https:\/\/amayade.com\/index.php\/wp-json\/wp\/v2\/types\/page"}],"author":[{"embeddable":true,"href":"https:\/\/amayade.com\/index.php\/wp-json\/wp\/v2\/users\/3"}],"replies":[{"embeddable":true,"href":"https:\/\/amayade.com\/index.php\/wp-json\/wp\/v2\/comments?post=1997"}],"version-history":[{"count":44,"href":"https:\/\/amayade.com\/index.php\/wp-json\/wp\/v2\/pages\/1997\/revisions"}],"predecessor-version":[{"id":2272,"href":"https:\/\/amayade.com\/index.php\/wp-json\/wp\/v2\/pages\/1997\/revisions\/2272"}],"wp:attachment":[{"href":"https:\/\/amayade.com\/index.php\/wp-json\/wp\/v2\/media?parent=1997"}],"curies":[{"name":"wp","href":"https:\/\/api.w.org\/{rel}","templated":true}]}}